{"id":1354,"date":"2019-10-02T16:17:39","date_gmt":"2019-10-02T14:17:39","guid":{"rendered":"https:\/\/www.meilie-jewellery.com\/?page_id=1354"},"modified":"2020-12-16T14:49:41","modified_gmt":"2020-12-16T13:49:41","slug":"ueber-uns","status":"publish","type":"page","link":"https:\/\/www.meilie-jewellery.com\/de\/ueber-uns\/","title":{"rendered":"\u00dcber uns"},"content":{"rendered":"<div class=\"row row-collapse row-full-width\"  id=\"row-1523095145\">\n\n\t<div id=\"col-789941655\" class=\"col medium-6 small-12 large-6\"  >\n\t\t<div class=\"col-inner\"  >\n\t\t\t\n\t\t\t\n\n  <div class=\"banner has-hover\" id=\"banner-1419199206\">\n          <div class=\"banner-inner fill\">\n        <div class=\"banner-bg fill\" >\n            <div class=\"bg fill bg-fill \"><\/div>\n                                    \n                    <\/div>\n        <div class=\"banner-layers container\">\n            <div class=\"fill banner-link\"><\/div>            \n        <\/div>\n      <\/div>\n\n            \n<style>\n#banner-1419199206 {\n  padding-top: 500px;\n}\n#banner-1419199206 .bg.bg-loaded {\n  background-image: url(https:\/\/www.meilie-jewellery.com\/wp-content\/uploads\/2020\/12\/WeChat-Image_20200225161404.jpg);\n}\n#banner-1419199206 .bg {\n  background-position: 59% 14%;\n}\n@media (min-width:550px) {\n  #banner-1419199206 {\n    padding-top: 700px;\n  }\n}\n<\/style>\n  <\/div>\n\n\n\t\t<\/div>\n\t\t\t<\/div>\n\n\t\n\n\t<div id=\"col-1460164828\" class=\"col medium-6 small-12 large-6\"  >\n\t\t<div class=\"col-inner\"  >\n\t\t\t\n\t\t\t\n\n  <div class=\"banner has-hover\" id=\"banner-158345406\">\n          <div class=\"banner-inner fill\">\n        <div class=\"banner-bg fill\" >\n            <div class=\"bg fill bg-fill \"><\/div>\n                                    \n                    <\/div>\n        <div class=\"banner-layers container\">\n            <div class=\"fill banner-link\"><\/div>            \n   <div id=\"text-box-488792247\" class=\"text-box banner-layer x100 md-x100 lg-x100 y50 md-y50 lg-y50 res-text\">\n                                <div class=\"text \">\n              \n              <div class=\"text-inner text-left\">\n                  \n<h2 class=\"uppercase\">\u00dcBER UNS<\/h2>\n<p><span style=\"font-size: 100%;\">Die Marke Meilie steht f\u00fcr echten, nat\u00fcrlichen Edelstein-Schmuck. Wir versuchen unser Allerm\u00f6glichstes, um Sie mit wundervollem, asiatisch angehauchtem Design und Informationen \u00fcber die Bedeutung und die Kr\u00e4fte der Edelsteine zu versorgen.<\/span><\/p>\n<p><span style=\"font-size: 100%;\">In Asien wissen die Menschen seit langem von den Kr\u00e4ften und Energien, die ein jeder Stein auf seinen Besitzer \u00fcbertragen kann. Mithilfe der Energie der Steine k\u00f6nnen Sie Hindernisse in der Liebe, der Gesch\u00e4ftswelt und dem t\u00e4glichen Leben \u00fcberwinden. Um die volle Energie der Edelsteine aussch\u00f6pfen zu k\u00f6nnen, folgt das Schmuck-Design der nat\u00fcrlichen Form und Farbe der Steine.<\/span><\/p>\n<p><span style=\"font-size: 100%;\">Da die Steine ein Geschenk der Natur sind, ist ein jeder Edelstein einzigartig in seiner Form und Farbe und wird von erfahrenen asiatischen Handwerkern in China einzeln ausgew\u00e4hlt und verarbeitet. Das Design ist ebenfalls einzigartig und nur in limitierter St\u00fcckzahl erh\u00e4ltlich. Neben den Edelsteinen verwenden wir nur 925er Silber und eine 18 karatige Vergoldung. <\/span><\/p>\n<p><span style=\"font-size: 100%;\">Meilie-Schmuck ist von der asiatischen Kultur inspiriert und von der nat\u00fcrlichen Energie der einzigartigen Edelsteine erf\u00fcllt. Ob Sie ihn nun als Schmuck oder Gl\u00fccksbringer tragen, wir glauben, dass Sie sich in das Design unserer Kollektion und die ihr innewohnende Energie verlieben werden.<\/span><\/p>\n<a href=\"https:\/\/www.meilie-jewellery.com\/de\/kontakt\/\" target=\"_self\" class=\"button primary is-larger\"  >\n    <span>Kontaktiere uns<\/span>\n  <\/a>\n\n              <\/div>\n           <\/div>\n                            \n<style>\n#text-box-488792247 {\n  width: 73%;\n}\n#text-box-488792247 .text {\n  font-size: 100%;\n}\n@media (min-width:550px) {\n  #text-box-488792247 {\n    width: 94%;\n  }\n}\n<\/style>\n    <\/div>\n \n        <\/div>\n      <\/div>\n\n            \n<style>\n#banner-158345406 {\n  padding-top: 450px;\n  background-color: rgb(255,255,255);\n}\n@media (min-width:550px) {\n  #banner-158345406 {\n    padding-top: 700px;\n  }\n}\n<\/style>\n  <\/div>\n\n\n\t\t<\/div>\n\t\t\t<\/div>\n\n\t\n<\/div>\n","protected":false},"excerpt":{"rendered":"","protected":false},"author":1,"featured_media":0,"parent":0,"menu_order":0,"comment_status":"closed","ping_status":"closed","template":"","meta":[],"yoast_head":"<!-- This site is optimized with the Yoast SEO plugin v19.4 - https:\/\/yoast.com\/wordpress\/plugins\/seo\/ -->\n<title>\u00dcber uns - meilie-jewellery.com<\/title>\n<meta name=\"robots\" content=\"index, follow, max-snippet:-1, max-image-preview:large, max-video-preview:-1\" \/>\n<link rel=\"canonical\" href=\"https:\/\/www.meilie-jewellery.com\/de\/ueber-uns\/\" \/>\n<meta property=\"og:locale\" content=\"de_DE\" \/>\n<meta property=\"og:type\" content=\"article\" \/>\n<meta property=\"og:title\" content=\"\u00dcber uns - meilie-jewellery.com\" \/>\n<meta property=\"og:url\" content=\"https:\/\/www.meilie-jewellery.com\/de\/ueber-uns\/\" \/>\n<meta property=\"og:site_name\" content=\"meilie-jewellery.com\" \/>\n<meta property=\"article:modified_time\" content=\"2020-12-16T13:49:41+00:00\" \/>\n<meta name=\"twitter:card\" content=\"summary_large_image\" \/>\n<meta name=\"twitter:label1\" content=\"Gesch\u00e4tzte Lesezeit\" \/>\n\t<meta name=\"twitter:data1\" content=\"1\u00a0Minute\" \/>\n<script type=\"application\/ld+json\" class=\"yoast-schema-graph\">{\"@context\":\"https:\/\/schema.org\",\"@graph\":[{\"@type\":\"WebSite\",\"@id\":\"https:\/\/www.meilie-jewellery.com\/de\/#website\",\"url\":\"https:\/\/www.meilie-jewellery.com\/de\/\",\"name\":\"meilie-jewellery.com\",\"description\":\"\",\"potentialAction\":[{\"@type\":\"SearchAction\",\"target\":{\"@type\":\"EntryPoint\",\"urlTemplate\":\"https:\/\/www.meilie-jewellery.com\/de\/?s={search_term_string}\"},\"query-input\":\"required name=search_term_string\"}],\"inLanguage\":\"de\"},{\"@type\":\"WebPage\",\"@id\":\"https:\/\/www.meilie-jewellery.com\/de\/ueber-uns\/\",\"url\":\"https:\/\/www.meilie-jewellery.com\/de\/ueber-uns\/\",\"name\":\"\u00dcber uns - meilie-jewellery.com\",\"isPartOf\":{\"@id\":\"https:\/\/www.meilie-jewellery.com\/de\/#website\"},\"datePublished\":\"2019-10-02T14:17:39+00:00\",\"dateModified\":\"2020-12-16T13:49:41+00:00\",\"breadcrumb\":{\"@id\":\"https:\/\/www.meilie-jewellery.com\/de\/ueber-uns\/#breadcrumb\"},\"inLanguage\":\"de\",\"potentialAction\":[{\"@type\":\"ReadAction\",\"target\":[\"https:\/\/www.meilie-jewellery.com\/de\/ueber-uns\/\"]}]},{\"@type\":\"BreadcrumbList\",\"@id\":\"https:\/\/www.meilie-jewellery.com\/de\/ueber-uns\/#breadcrumb\",\"itemListElement\":[{\"@type\":\"ListItem\",\"position\":1,\"name\":\"Startseite\",\"item\":\"https:\/\/www.meilie-jewellery.com\/de\/\"},{\"@type\":\"ListItem\",\"position\":2,\"name\":\"\u00dcber uns\"}]}]}<\/script>\n<!-- \/ Yoast SEO plugin. -->","yoast_head_json":{"title":"\u00dcber uns - meilie-jewellery.com","robots":{"index":"index","follow":"follow","max-snippet":"max-snippet:-1","max-image-preview":"max-image-preview:large","max-video-preview":"max-video-preview:-1"},"canonical":"https:\/\/www.meilie-jewellery.com\/de\/ueber-uns\/","og_locale":"de_DE","og_type":"article","og_title":"\u00dcber uns - meilie-jewellery.com","og_url":"https:\/\/www.meilie-jewellery.com\/de\/ueber-uns\/","og_site_name":"meilie-jewellery.com","article_modified_time":"2020-12-16T13:49:41+00:00","twitter_card":"summary_large_image","twitter_misc":{"Gesch\u00e4tzte Lesezeit":"1\u00a0Minute"},"schema":{"@context":"https:\/\/schema.org","@graph":[{"@type":"WebSite","@id":"https:\/\/www.meilie-jewellery.com\/de\/#website","url":"https:\/\/www.meilie-jewellery.com\/de\/","name":"meilie-jewellery.com","description":"","potentialAction":[{"@type":"SearchAction","target":{"@type":"EntryPoint","urlTemplate":"https:\/\/www.meilie-jewellery.com\/de\/?s={search_term_string}"},"query-input":"required name=search_term_string"}],"inLanguage":"de"},{"@type":"WebPage","@id":"https:\/\/www.meilie-jewellery.com\/de\/ueber-uns\/","url":"https:\/\/www.meilie-jewellery.com\/de\/ueber-uns\/","name":"\u00dcber uns - meilie-jewellery.com","isPartOf":{"@id":"https:\/\/www.meilie-jewellery.com\/de\/#website"},"datePublished":"2019-10-02T14:17:39+00:00","dateModified":"2020-12-16T13:49:41+00:00","breadcrumb":{"@id":"https:\/\/www.meilie-jewellery.com\/de\/ueber-uns\/#breadcrumb"},"inLanguage":"de","potentialAction":[{"@type":"ReadAction","target":["https:\/\/www.meilie-jewellery.com\/de\/ueber-uns\/"]}]},{"@type":"BreadcrumbList","@id":"https:\/\/www.meilie-jewellery.com\/de\/ueber-uns\/#breadcrumb","itemListElement":[{"@type":"ListItem","position":1,"name":"Startseite","item":"https:\/\/www.meilie-jewellery.com\/de\/"},{"@type":"ListItem","position":2,"name":"\u00dcber uns"}]}]}},"_links":{"self":[{"href":"https:\/\/www.meilie-jewellery.com\/de\/wp-json\/wp\/v2\/pages\/1354"}],"collection":[{"href":"https:\/\/www.meilie-jewellery.com\/de\/wp-json\/wp\/v2\/pages"}],"about":[{"href":"https:\/\/www.meilie-jewellery.com\/de\/wp-json\/wp\/v2\/types\/page"}],"author":[{"embeddable":true,"href":"https:\/\/www.meilie-jewellery.com\/de\/wp-json\/wp\/v2\/users\/1"}],"replies":[{"embeddable":true,"href":"https:\/\/www.meilie-jewellery.com\/de\/wp-json\/wp\/v2\/comments?post=1354"}],"version-history":[{"count":6,"href":"https:\/\/www.meilie-jewellery.com\/de\/wp-json\/wp\/v2\/pages\/1354\/revisions"}],"predecessor-version":[{"id":4993,"href":"https:\/\/www.meilie-jewellery.com\/de\/wp-json\/wp\/v2\/pages\/1354\/revisions\/4993"}],"wp:attachment":[{"href":"https:\/\/www.meilie-jewellery.com\/de\/wp-json\/wp\/v2\/media?parent=1354"}],"curies":[{"name":"wp","href":"https:\/\/api.w.org\/{rel}","templated":true}]}}