{"id":1432,"date":"2019-10-02T14:33:55","date_gmt":"2019-10-02T12:33:55","guid":{"rendered":"https:\/\/www.meilie-jewellery.com\/startseite\/"},"modified":"2019-10-02T14:45:23","modified_gmt":"2019-10-02T12:45:23","slug":"startseite","status":"publish","type":"page","link":"https:\/\/www.meilie-jewellery.com\/de\/startseite\/","title":{"rendered":"Startseite"},"content":{"rendered":"<div class=\"slider-wrapper relative\" id=\"slider-1498874535\" >\n    <div class=\"slider slider-type-fade slider-nav-circle slider-nav-large slider-nav-light slider-style-normal\"\n        data-flickity-options='{\n            \"cellAlign\": \"center\",\n            \"imagesLoaded\": true,\n            \"lazyLoad\": 1,\n            \"freeScroll\": false,\n            \"wrapAround\": true,\n            \"autoPlay\": 5000,\n            \"pauseAutoPlayOnHover\" : false,\n            \"prevNextButtons\": false,\n            \"contain\" : true,\n            \"adaptiveHeight\" : true,\n            \"dragThreshold\" : 10,\n            \"percentPosition\": true,\n            \"pageDots\": false,\n            \"rightToLeft\": false,\n            \"draggable\": true,\n            \"selectedAttraction\": 0.1,\n            \"parallax\" : 0,\n            \"friction\": 0.6        }'\n        >\n         \n  <div class=\"banner has-hover\" id=\"banner-841303841\">\n          <div class=\"banner-inner fill\">\n        <div class=\"banner-bg fill\" >\n            <div class=\"bg fill bg-fill \"><\/div>\n                        <div class=\"overlay\"><\/div>            \n                    <\/div>\n        <div class=\"banner-layers container\">\n            <div class=\"fill banner-link\"><\/div>                <div id=\"text-box-2016334476\" class=\"text-box banner-layer x50 md-x0 lg-x0 y75 md-y75 lg-y75 res-text\">\n                     <div data-animate=\"fadeInLeft\">           <div class=\"text \">\n              \n              <div class=\"text-inner text-center\">\n                   <h2 class=\"uppercase\" data-animate=\"fadeInLeft\" data-animated=\"true\"><span style=\"color: white;\">Die Sch\u00f6nheit der Natur, die Sch\u00f6nheit des Lebens<\/span><\/h2> <p class=\"uppercase\" data-animate=\"fadeInLeft\" data-animated=\"true\"><div class=\"is-divider divider clearfix\" style=\"background-color:rgba(0, 0, 0, 0);\"><\/div> <a href=\"https:\/\/www.meilie-jewellery.com\/product-category\/jewellery\/\" target=\"_self\" class=\"button white is-shade is-large lowercase\"  >\n    <span>SHOP NOW<\/span>\n  <\/a>\n               <\/div>\n           <\/div>\n       <\/div>                     \n<style>\n#text-box-2016334476 {\n  width: 85%;\n}\n#text-box-2016334476 .text {\n  font-size: 100%;\n}\n@media (min-width:550px) {\n  #text-box-2016334476 {\n    width: 66%;\n  }\n}\n<\/style>\n    <\/div>\n          <\/div>\n      <\/div>\n\n            \n<style>\n#banner-841303841 {\n  padding-top: 600px;\n}\n#banner-841303841 .bg.bg-loaded {\n  background-image: url(https:\/\/www.meilie-jewellery.com\/wp-content\/uploads\/2019\/05\/218006-1.jpg);\n}\n#banner-841303841 .overlay {\n  background-color: rgba(0, 0, 0, 0.03);\n}\n#banner-841303841 .bg {\n  background-position: 63% 54%;\n}\n<\/style>\n  <\/div>\n\n      <\/div>\n\n     <div class=\"loading-spin dark large centered\"><\/div>\n\n     <\/div>\n\n <div class=\"text-center\"><div class=\"is-divider divider clearfix\" style=\"background-color:rgba(252, 248, 248, 0);\"><\/div><\/div> <div class=\"is-divider divider clearfix\" style=\"max-width:0px;height:36px;\"><\/div> <div class=\"row\"  id=\"row-108221201\"> \n\t<div id=\"col-1028696792\" class=\"col small-12 large-12\"  >\n\t\t<div class=\"col-inner\"  >\n\t\t\t\n\t\t\t <h1 class=\"uppercase\" style=\"text-align: center;\">Die Sch\u00f6nheit der Natur, die Sch\u00f6nheit des Lebens<\/h1> <p style=\"text-align: center;\"><span style=\"font-size: large;\">Meilie kombiniert nat\u00fcrliche Edelsteine mit asiatischem Design. Man sagt Edelsteine w\u00e4hlten ihren Tr\u00e4ger selbst. Finden Sie ihren eigenen, pers\u00f6nlichen Edelstein in unserer handgefertigten Auswahl&#8230;<\/span><\/p> <div class=\"is-divider divider clearfix\" style=\"max-width:0px;height:0px;\"><\/div> \t\t<\/div>\n\t\t\t<\/div>\n\n\t <\/div> <div class=\"is-divider divider clearfix\" style=\"max-width:0px;\"><\/div> <div class=\"container section-title-container\" ><h3 class=\"section-title section-title-center\"><b><\/b><span class=\"section-title-main\" >Durchst\u00f6bere unsere Kategorien<\/span><b><\/b><a href=\"https:\/\/www.meilie-jewellery.com\/product-category\/jewellery\/\" target=\"\"><i class=\"icon-angle-right\" ><\/i><\/a><\/h3><\/div> <div class=\"row row-full-width\"  id=\"row-1678887559\"> \n\t<div id=\"col-1932481498\" class=\"col medium-3 small-6 large-3\"  >\n\t\t<div class=\"col-inner\"  >\n\t\t\t\n\t\t\t \n  <div class=\"banner has-hover\" id=\"banner-1879333126\">\n          <div class=\"banner-inner fill\">\n        <div class=\"banner-bg fill\" >\n            <div class=\"bg fill bg-fill \"><\/div>\n                                    \n                    <\/div>\n        <div class=\"banner-layers container\">\n            <a class=\"fill\" href=\"https:\/\/www.meilie-jewellery.com\/product-category\/jewellery\/bracelets\/\"  ><div class=\"fill banner-link\"><\/div><\/a>                <div id=\"text-box-118748528\" class=\"text-box banner-layer x50 md-x50 lg-x50 y50 md-y50 lg-y50 res-text\">\n                                <div class=\"text dark\">\n              \n              <div class=\"text-inner text-center\">\n                                 <\/div>\n           <\/div>\n                            \n<style>\n#text-box-118748528 {\n  width: 60%;\n}\n#text-box-118748528 .text {\n  font-size: 100%;\n}\n<\/style>\n    <\/div>\n          <\/div>\n      <\/div>\n\n            \n<style>\n#banner-1879333126 {\n  padding-top: 500px;\n}\n#banner-1879333126 .bg.bg-loaded {\n  background-image: url(https:\/\/www.meilie-jewellery.com\/wp-content\/uploads\/2019\/05\/219015-1-600x800.jpg);\n}\n#banner-1879333126 .bg {\n  background-position: 38% 30%;\n}\n<\/style>\n  <\/div>\n\n <div class=\"is-divider divider clearfix\" style=\"max-width:0px;height:0px;\"><\/div> <h2 style=\"text-align: center;\">ARMB\u00c4NDER<\/h2> \t\t<\/div>\n\t\t\t<\/div>\n\n\t \n\t<div id=\"col-1531424592\" class=\"col medium-3 small-6 large-3\"  >\n\t\t<div class=\"col-inner\"  >\n\t\t\t\n\t\t\t \n  <div class=\"banner has-hover\" id=\"banner-1907885907\">\n          <div class=\"banner-inner fill\">\n        <div class=\"banner-bg fill\" >\n            <div class=\"bg fill bg-fill \"><\/div>\n                                    \n                    <\/div>\n        <div class=\"banner-layers container\">\n            <a class=\"fill\" href=\"https:\/\/www.meilie-jewellery.com\/product-category\/jewellery\/earrings\"  ><div class=\"fill banner-link\"><\/div><\/a>                <div id=\"text-box-417580246\" class=\"text-box banner-layer x50 md-x50 lg-x50 y50 md-y50 lg-y50 res-text\">\n                                <div class=\"text dark\">\n              \n              <div class=\"text-inner text-center\">\n                                 <\/div>\n           <\/div>\n                            \n<style>\n#text-box-417580246 {\n  width: 60%;\n}\n#text-box-417580246 .text {\n  font-size: 100%;\n}\n<\/style>\n    <\/div>\n          <\/div>\n      <\/div>\n\n            \n<style>\n#banner-1907885907 {\n  padding-top: 500px;\n}\n#banner-1907885907 .bg.bg-loaded {\n  background-image: url(https:\/\/www.meilie-jewellery.com\/wp-content\/uploads\/2019\/05\/220006-1-600x800.jpg);\n}\n#banner-1907885907 .bg {\n  background-position: 15% 15%;\n}\n<\/style>\n  <\/div>\n\n <div class=\"is-divider divider clearfix\" style=\"max-width:0px;height:0px;\"><\/div> <h2 style=\"text-align: center;\">OHRRINGE<\/h2> \t\t<\/div>\n\t\t\t<\/div>\n\n\t \n\t<div id=\"col-1901468043\" class=\"col medium-3 small-6 large-3\"  >\n\t\t<div class=\"col-inner\"  >\n\t\t\t\n\t\t\t \n  <div class=\"banner has-hover\" id=\"banner-1618939912\">\n          <div class=\"banner-inner fill\">\n        <div class=\"banner-bg fill\" >\n            <div class=\"bg fill bg-fill \"><\/div>\n                                    \n                    <\/div>\n        <div class=\"banner-layers container\">\n            <a class=\"fill\" href=\"https:\/\/www.meilie-jewellery.com\/product-category\/jewellery\/necklaces\/\"  ><div class=\"fill banner-link\"><\/div><\/a>                <div id=\"text-box-1441423914\" class=\"text-box banner-layer x50 md-x50 lg-x50 y50 md-y50 lg-y50 res-text\">\n                                <div class=\"text dark\">\n              \n              <div class=\"text-inner text-center\">\n                                 <\/div>\n           <\/div>\n                            \n<style>\n#text-box-1441423914 {\n  width: 60%;\n}\n#text-box-1441423914 .text {\n  font-size: 100%;\n}\n<\/style>\n    <\/div>\n          <\/div>\n      <\/div>\n\n            \n<style>\n#banner-1618939912 {\n  padding-top: 500px;\n}\n#banner-1618939912 .bg.bg-loaded {\n  background-image: url(https:\/\/www.meilie-jewellery.com\/wp-content\/uploads\/2019\/05\/218006-1.jpg);\n}\n<\/style>\n  <\/div>\n\n <div class=\"is-divider divider clearfix\" style=\"max-width:0px;height:0px;\"><\/div> <h2 style=\"text-align: center;\">HALSKETTEN<\/h2> \t\t<\/div>\n\t\t\t<\/div>\n\n\t \n\t<div id=\"col-275117353\" class=\"col medium-3 small-6 large-3\"  >\n\t\t<div class=\"col-inner\"  >\n\t\t\t\n\t\t\t \n  <div class=\"banner has-hover\" id=\"banner-1880461592\">\n          <div class=\"banner-inner fill\">\n        <div class=\"banner-bg fill\" >\n            <div class=\"bg fill bg-fill \"><\/div>\n                                    \n                    <\/div>\n        <div class=\"banner-layers container\">\n            <a class=\"fill\" href=\"https:\/\/www.meilie-jewellery.com\/product-category\/jewellery\/rings\/\"  ><div class=\"fill banner-link\"><\/div><\/a>                <div id=\"text-box-2095266965\" class=\"text-box banner-layer x50 md-x50 lg-x50 y50 md-y50 lg-y50 res-text\">\n                                <div class=\"text dark\">\n              \n              <div class=\"text-inner text-center\">\n                                 <\/div>\n           <\/div>\n                            \n<style>\n#text-box-2095266965 {\n  width: 60%;\n}\n#text-box-2095266965 .text {\n  font-size: 100%;\n}\n<\/style>\n    <\/div>\n          <\/div>\n      <\/div>\n\n            \n<style>\n#banner-1880461592 {\n  padding-top: 500px;\n}\n#banner-1880461592 .bg.bg-loaded {\n  background-image: url(https:\/\/www.meilie-jewellery.com\/wp-content\/uploads\/2019\/05\/230008-1-600x800.jpg);\n}\n<\/style>\n  <\/div>\n\n <div class=\"is-divider divider clearfix\" style=\"max-width:0px;height:0px;\"><\/div> <h2 style=\"text-align: center;\">RINGE<\/h2> \t\t<\/div>\n\t\t\t<\/div>\n\n\t <\/div> \t<section class=\"section\" id=\"section_1012383441\">\n\t\t<div class=\"bg section-bg fill bg-fill  bg-loaded\" >\n\n\t\t\t\n\t\t\t\n\t\t\t\n\n\t\t<\/div>\n\n\t\t<div class=\"section-content relative\">\n\t\t\t \t<div id=\"gap-703438421\" class=\"gap-element clearfix\" style=\"display:block; height:auto;\">\n\t\t\n<style>\n#gap-703438421 {\n  padding-top: 30px;\n}\n<\/style>\n\t<\/div>\n\t <div class=\"row row-solid\"  id=\"row-420280432\"> \n\t<div id=\"col-683719882\" class=\"col medium-6 small-12 large-6\"  >\n\t\t<div class=\"col-inner\"  >\n\t\t\t\n\t\t\t \n  <div class=\"banner has-hover\" id=\"banner-671156314\">\n          <div class=\"banner-inner fill\">\n        <div class=\"banner-bg fill\" >\n            <div class=\"bg fill bg-fill \"><\/div>\n                                    \n\t<div class=\"is-border\"\n\t\tstyle=\"border-width:0px 0px 0 0px;\">\n\t<\/div>\n                    <\/div>\n        <div class=\"banner-layers container\">\n            <div class=\"fill banner-link\"><\/div>                     <\/div>\n      <\/div>\n\n            \n<style>\n#banner-671156314 {\n  padding-top: 99.99%;\n}\n#banner-671156314 .bg.bg-loaded {\n  background-image: url(https:\/\/www.meilie-jewellery.com\/wp-content\/uploads\/2019\/05\/Feburary-Amethyst-Photo-777x800.jpg);\n}\n#banner-671156314 .bg {\n  background-position: 42% 53%;\n}\n<\/style>\n  <\/div>\n\n \t\t<\/div>\n\t\t\t<\/div>\n\n\t \n\t<div id=\"col-1104910863\" class=\"col medium-6 small-12 large-6\"  >\n\t\t<div class=\"col-inner\"  >\n\t\t\t\n\t\t\t \n  <div class=\"banner has-hover\" id=\"banner-43227959\">\n          <div class=\"banner-inner fill\">\n        <div class=\"banner-bg fill\" >\n            <div class=\"bg fill bg-fill \"><\/div>\n                                    \n                    <\/div>\n        <div class=\"banner-layers container\">\n            <div class=\"fill banner-link\"><\/div>                <div id=\"text-box-2144522596\" class=\"text-box banner-layer x50 md-x50 lg-x50 y50 md-y50 lg-y50 res-text\">\n                                <div class=\"text \">\n              \n              <div class=\"text-inner text-center\">\n                   <h1 class=\"uppercase\">Geburtssteine<\/h1> <p><span style=\"font-size: 21px;\">Steine sind ein Geschenk der Natur\/von Mutter-Erde. Ein jeder Stein hat seine eigene Bedeutung, Eigenschaften und einzigartigen Kr\u00e4fte, die uns heilen, unterst\u00fctzen und besch\u00fctzen. Seinen Geburtsstein zu kennen, hei\u00dft sich selbst besser kennen. <br \/><\/span><\/p> <a href=\"https:\/\/www.meilie-jewellery.com\/birthday-jewellery\/\" target=\"_self\" class=\"button secondary is-xlarge\"  >\n    <span>Finde deinen Geburtsstein<\/span>\n  <\/a>\n               <\/div>\n           <\/div>\n                            \n<style>\n#text-box-2144522596 {\n  width: 80%;\n}\n#text-box-2144522596 .text {\n  font-size: 100%;\n}\n@media (min-width:550px) {\n  #text-box-2144522596 {\n    width: 90%;\n  }\n}\n<\/style>\n    <\/div>\n          <\/div>\n      <\/div>\n\n            \n<style>\n#banner-43227959 {\n  padding-top: 99.99%;\n  background-color: rgb(255, 255, 255);\n}\n<\/style>\n  <\/div>\n\n \t\t<\/div>\n\t\t\t<\/div>\n\n\t <\/div> \t\t<\/div>\n\n\t\t\n<style>\n#section_1012383441 {\n  padding-top: 50px;\n  padding-bottom: 50px;\n  background-color: rgb(255, 255, 255);\n}\n<\/style>\n\t<\/section>\n\t \t<div id=\"gap-221479529\" class=\"gap-element clearfix\" style=\"display:block; height:auto;\">\n\t\t\n<style>\n#gap-221479529 {\n  padding-top: 40px;\n}\n<\/style>\n\t<\/div>\n\t","protected":false},"excerpt":{"rendered":"","protected":false},"author":1,"featured_media":1433,"parent":0,"menu_order":1,"comment_status":"closed","ping_status":"closed","template":"page-blank.php","meta":[],"yoast_head":"<!-- This site is optimized with the Yoast SEO plugin v19.4 - https:\/\/yoast.com\/wordpress\/plugins\/seo\/ -->\n<title>Startseite - meilie-jewellery.com<\/title>\n<meta name=\"robots\" content=\"index, follow, max-snippet:-1, max-image-preview:large, max-video-preview:-1\" \/>\n<link rel=\"canonical\" href=\"https:\/\/www.meilie-jewellery.com\/de\/startseite\/\" \/>\n<meta property=\"og:locale\" content=\"de_DE\" \/>\n<meta property=\"og:type\" content=\"article\" \/>\n<meta property=\"og:title\" content=\"Startseite - meilie-jewellery.com\" \/>\n<meta property=\"og:url\" content=\"https:\/\/www.meilie-jewellery.com\/de\/startseite\/\" \/>\n<meta property=\"og:site_name\" content=\"meilie-jewellery.com\" \/>\n<meta property=\"article:modified_time\" content=\"2019-10-02T12:45:23+00:00\" \/>\n<meta property=\"og:image\" content=\"https:\/\/www.meilie-jewellery.com\/wp-content\/uploads\/2016\/08\/dummy-1.jpg\" \/>\n\t<meta property=\"og:image:width\" content=\"400\" \/>\n\t<meta property=\"og:image:height\" content=\"260\" \/>\n\t<meta property=\"og:image:type\" content=\"image\/jpeg\" \/>\n<meta name=\"twitter:card\" content=\"summary_large_image\" \/>\n<meta name=\"twitter:label1\" content=\"Gesch\u00e4tzte Lesezeit\" \/>\n\t<meta name=\"twitter:data1\" content=\"2\u00a0Minuten\" \/>\n<script type=\"application\/ld+json\" class=\"yoast-schema-graph\">{\"@context\":\"https:\/\/schema.org\",\"@graph\":[{\"@type\":\"WebSite\",\"@id\":\"https:\/\/www.meilie-jewellery.com\/de\/#website\",\"url\":\"https:\/\/www.meilie-jewellery.com\/de\/\",\"name\":\"meilie-jewellery.com\",\"description\":\"\",\"potentialAction\":[{\"@type\":\"SearchAction\",\"target\":{\"@type\":\"EntryPoint\",\"urlTemplate\":\"https:\/\/www.meilie-jewellery.com\/de\/?s={search_term_string}\"},\"query-input\":\"required name=search_term_string\"}],\"inLanguage\":\"de\"},{\"@type\":\"WebPage\",\"@id\":\"https:\/\/www.meilie-jewellery.com\/de\/startseite\/\",\"url\":\"https:\/\/www.meilie-jewellery.com\/de\/startseite\/\",\"name\":\"Startseite - meilie-jewellery.com\",\"isPartOf\":{\"@id\":\"https:\/\/www.meilie-jewellery.com\/de\/#website\"},\"datePublished\":\"2019-10-02T12:33:55+00:00\",\"dateModified\":\"2019-10-02T12:45:23+00:00\",\"breadcrumb\":{\"@id\":\"https:\/\/www.meilie-jewellery.com\/de\/startseite\/#breadcrumb\"},\"inLanguage\":\"de\",\"potentialAction\":[{\"@type\":\"ReadAction\",\"target\":[\"https:\/\/www.meilie-jewellery.com\/de\/startseite\/\"]}]},{\"@type\":\"BreadcrumbList\",\"@id\":\"https:\/\/www.meilie-jewellery.com\/de\/startseite\/#breadcrumb\",\"itemListElement\":[{\"@type\":\"ListItem\",\"position\":1,\"name\":\"Startseite\",\"item\":\"https:\/\/www.meilie-jewellery.com\/de\/\"},{\"@type\":\"ListItem\",\"position\":2,\"name\":\"Startseite\"}]}]}<\/script>\n<!-- \/ Yoast SEO plugin. -->","yoast_head_json":{"title":"Startseite - meilie-jewellery.com","robots":{"index":"index","follow":"follow","max-snippet":"max-snippet:-1","max-image-preview":"max-image-preview:large","max-video-preview":"max-video-preview:-1"},"canonical":"https:\/\/www.meilie-jewellery.com\/de\/startseite\/","og_locale":"de_DE","og_type":"article","og_title":"Startseite - meilie-jewellery.com","og_url":"https:\/\/www.meilie-jewellery.com\/de\/startseite\/","og_site_name":"meilie-jewellery.com","article_modified_time":"2019-10-02T12:45:23+00:00","og_image":[{"width":400,"height":260,"url":"https:\/\/www.meilie-jewellery.com\/wp-content\/uploads\/2016\/08\/dummy-1.jpg","type":"image\/jpeg"}],"twitter_card":"summary_large_image","twitter_misc":{"Gesch\u00e4tzte Lesezeit":"2\u00a0Minuten"},"schema":{"@context":"https:\/\/schema.org","@graph":[{"@type":"WebSite","@id":"https:\/\/www.meilie-jewellery.com\/de\/#website","url":"https:\/\/www.meilie-jewellery.com\/de\/","name":"meilie-jewellery.com","description":"","potentialAction":[{"@type":"SearchAction","target":{"@type":"EntryPoint","urlTemplate":"https:\/\/www.meilie-jewellery.com\/de\/?s={search_term_string}"},"query-input":"required name=search_term_string"}],"inLanguage":"de"},{"@type":"WebPage","@id":"https:\/\/www.meilie-jewellery.com\/de\/startseite\/","url":"https:\/\/www.meilie-jewellery.com\/de\/startseite\/","name":"Startseite - meilie-jewellery.com","isPartOf":{"@id":"https:\/\/www.meilie-jewellery.com\/de\/#website"},"datePublished":"2019-10-02T12:33:55+00:00","dateModified":"2019-10-02T12:45:23+00:00","breadcrumb":{"@id":"https:\/\/www.meilie-jewellery.com\/de\/startseite\/#breadcrumb"},"inLanguage":"de","potentialAction":[{"@type":"ReadAction","target":["https:\/\/www.meilie-jewellery.com\/de\/startseite\/"]}]},{"@type":"BreadcrumbList","@id":"https:\/\/www.meilie-jewellery.com\/de\/startseite\/#breadcrumb","itemListElement":[{"@type":"ListItem","position":1,"name":"Startseite","item":"https:\/\/www.meilie-jewellery.com\/de\/"},{"@type":"ListItem","position":2,"name":"Startseite"}]}]}},"_links":{"self":[{"href":"https:\/\/www.meilie-jewellery.com\/de\/wp-json\/wp\/v2\/pages\/1432"}],"collection":[{"href":"https:\/\/www.meilie-jewellery.com\/de\/wp-json\/wp\/v2\/pages"}],"about":[{"href":"https:\/\/www.meilie-jewellery.com\/de\/wp-json\/wp\/v2\/types\/page"}],"author":[{"embeddable":true,"href":"https:\/\/www.meilie-jewellery.com\/de\/wp-json\/wp\/v2\/users\/1"}],"replies":[{"embeddable":true,"href":"https:\/\/www.meilie-jewellery.com\/de\/wp-json\/wp\/v2\/comments?post=1432"}],"version-history":[{"count":1,"href":"https:\/\/www.meilie-jewellery.com\/de\/wp-json\/wp\/v2\/pages\/1432\/revisions"}],"predecessor-version":[{"id":1434,"href":"https:\/\/www.meilie-jewellery.com\/de\/wp-json\/wp\/v2\/pages\/1432\/revisions\/1434"}],"wp:featuredmedia":[{"embeddable":true,"href":"https:\/\/www.meilie-jewellery.com\/de\/wp-json\/wp\/v2\/media\/1433"}],"wp:attachment":[{"href":"https:\/\/www.meilie-jewellery.com\/de\/wp-json\/wp\/v2\/media?parent=1432"}],"curies":[{"name":"wp","href":"https:\/\/api.w.org\/{rel}","templated":true}]}}