{"id":1735,"date":"2019-10-02T16:11:59","date_gmt":"2019-10-02T14:11:59","guid":{"rendered":"https:\/\/www.meilie-jewellery.com\/datenschutzerklarung\/"},"modified":"2019-10-14T11:44:04","modified_gmt":"2019-10-14T09:44:04","slug":"datenschutzerklarung","status":"publish","type":"page","link":"https:\/\/www.meilie-jewellery.com\/de\/datenschutzerklarung\/","title":{"rendered":"Datenschutzerkl\u00e4rung"},"content":{"rendered":"<h2>Datenschutzerkl\u00e4rung<\/h2>\n<p>Willkommen bei Meilie&#8217;s Datenschutzerkl\u00e4rung! Wir haben unsere Datenschutzerkl\u00e4rung in \u00dcbereinstimmung mit den geltenden Vorschriften aktualisiert. Sie werden hier erfahren, wie wir Ihre personenbezogenen Daten erfassen und sicher aufbewahren. Alle personenbezogenen Daten \u00fcber Sie werden auf einem sicheren Server gespeichert.<\/p>\n<p>Wenn Sie unter 16 Jahre alt sind, m\u00fcssen Sie einen Elternteil oder Erziehungsberechtigten \u00fcber unsere Datenschutzerkl\u00e4rung informieren und seine Zustimmung zu dieser Datenschutzerkl\u00e4rung einholen, bevor Sie einen unserer Online-Dienste nutzen, einschlie\u00dflich, aber nicht beschr\u00e4nkt auf die Registrierung bei Meilie, das Abonnement unseres Newsletters oder die Bestellung bei uns.<\/p>\n<p>Mit dem Zugriff auf und der Nutzung unserer Website erkennen Sie die in dieser Datenschutzerkl\u00e4rung beschriebenen Praktiken an und akzeptieren sie.<\/p>\n<h3><u>PERS\u00d6NLICHE INFORMATIONEN<\/u><\/h3>\n<\/h3>\n<p>Personenbezogene Daten erm\u00f6glichen es uns, diese Person zu identifizieren. Um Ihnen ein reibungsloses Erlebnis mit Meilie zu erm\u00f6glichen, erfassen wir die folgenden personenbezogenen Daten \u00fcber Sie:<\/p>\n<p>Name<\/p>\n<p>Land<\/p>\n<p>Geburtsdatum<\/p>\n<p>Rechnungs- und Lieferadresse<\/p>\n<p>Telefon-Nummer<\/p>\n<p>E-Mail-Adresse<\/p>\n<p>Bestellte Artikel<\/p>\n<p><\/p>\n<h3><u>andere Wege, auf denen meine Informationen gesammelt werden?<\/u><\/h3>\n<p>Informationen \u00fcber Ihren Besuch auf der Meilie-Website k\u00f6nnen von Meilie oder Drittanbietern von Werbung gesammelt werden. Dazu geh\u00f6ren:<\/p>\n<ul>\n<li>Ihr geografischer Standort<\/li>\n<li>Ihr Browser<\/li>\n<p>Ihr Browser<\/li>\n<li>Ihr Ger\u00e4tetyp<\/li>\n<p>Ihr Ger\u00e4tetyp<\/li>\n<li>Wie Sie an uns weitergeleitet wurden<\/li>\n<li>Suchbegriffe, mit denen Sie uns erreicht haben<\/li>\n<li>Was du auf der Website gebl\u00e4ttert hast<\/li>\n<li>Wie lange Sie auf der Website geblieben sind f\u00fcr<\/li>\n<p>.\n<\/ul>\n<h3> <u>COOKIES<\/u><\/h3>\n<\/h3>\n<p>Unsere Website verwendet Cookies, um Ihren Computer zu identifizieren und Sie von anderen Nutzern zu unterscheiden, um Ihr Erlebnis zu verbessern.<\/p>\n<p><\/p>\n<h3><u>WIE WIR IHRE PERS\u00d6NLICHEN INFORMATIONEN VERWENDEN?<\/u><\/h3>\n<\/h3>\n<p>Wir verwenden Ihre personenbezogenen Daten, um Ihnen das Durchsuchen und Bestellen zu erleichtern.<\/p>\n<p>Wir k\u00f6nnen Ihre Daten auf folgende Weise verwenden:<\/p>\n<p>Um Ihre Bestellung bearbeiten zu k\u00f6nnen, m\u00fcssen wir die Zahlungsdaten erfassen und wissen, wohin wir Ihre Bestellung liefern sollen.<\/p>\n<p>Informationen \u00fcber Ihren Besuch bei Meilie, einschlie\u00dflich dessen, was Sie durchsucht oder gekauft haben, werden verwendet, um Ihr Erlebnis auf unserer Website zu verbessern.<\/p>\n<p><\/p>\n<h3><u>>Nach Ihre Bestellung<\/u><\/h3>\n<p>><br \/>\nWir werden Ihnen eine E-Mail senden, sobald eine Bestellung aufgegeben wurde, um Sie daran zu erinnern, was bestellt wurde. Eine weitere E-Mail wird von Meilie verschickt, um Sie dar\u00fcber zu informieren, dass Ihre Bestellung versendet wurde. Wir senden Ihnen eine E-Mail mit Trackinginformationen, damit Sie \u00fcberpr\u00fcfen k\u00f6nnen, wo sich Ihr Artikel befindet.<\/p>\n","protected":false},"excerpt":{"rendered":"<p>Datenschutzerkl\u00e4rung Willkommen bei Meilie&#8217;s Datenschutzerkl\u00e4rung! Wir haben unsere Datenschutzerkl\u00e4rung in \u00dcbereinstimmung mit den geltenden Vorschriften aktualisiert. Sie werden hier erfahren, wie wir Ihre personenbezogenen Daten erfassen und sicher aufbewahren. Alle personenbezogenen Daten \u00fcber Sie werden auf einem sicheren Server gespeichert. Wenn Sie unter 16 Jahre alt sind, m\u00fcssen Sie einen Elternteil oder Erziehungsberechtigten \u00fcber unsere [&#8230;]\n","protected":false},"author":1,"featured_media":0,"parent":0,"menu_order":0,"comment_status":"closed","ping_status":"closed","template":"","meta":[],"yoast_head":"<!-- This site is optimized with the Yoast SEO plugin v19.4 - https:\/\/yoast.com\/wordpress\/plugins\/seo\/ -->\n<title>Datenschutzerkl\u00e4rung - meilie-jewellery.com<\/title>\n<meta name=\"robots\" content=\"index, follow, max-snippet:-1, max-image-preview:large, max-video-preview:-1\" \/>\n<link rel=\"canonical\" href=\"https:\/\/www.meilie-jewellery.com\/de\/datenschutzerklarung\/\" \/>\n<meta property=\"og:locale\" content=\"de_DE\" \/>\n<meta property=\"og:type\" content=\"article\" \/>\n<meta property=\"og:title\" content=\"Datenschutzerkl\u00e4rung - meilie-jewellery.com\" \/>\n<meta property=\"og:description\" content=\"Datenschutzerkl\u00e4rung Willkommen bei Meilie&#8217;s Datenschutzerkl\u00e4rung! Wir haben unsere Datenschutzerkl\u00e4rung in \u00dcbereinstimmung mit den geltenden Vorschriften aktualisiert. Sie werden hier erfahren, wie wir Ihre personenbezogenen Daten erfassen und sicher aufbewahren. Alle personenbezogenen Daten \u00fcber Sie werden auf einem sicheren Server gespeichert. Wenn Sie unter 16 Jahre alt sind, m\u00fcssen Sie einen Elternteil oder Erziehungsberechtigten \u00fcber unsere [...]\" \/>\n<meta property=\"og:url\" content=\"https:\/\/www.meilie-jewellery.com\/de\/datenschutzerklarung\/\" \/>\n<meta property=\"og:site_name\" content=\"meilie-jewellery.com\" \/>\n<meta property=\"article:modified_time\" content=\"2019-10-14T09:44:04+00:00\" \/>\n<meta name=\"twitter:card\" content=\"summary_large_image\" \/>\n<meta name=\"twitter:label1\" content=\"Gesch\u00e4tzte Lesezeit\" \/>\n\t<meta name=\"twitter:data1\" content=\"2\u00a0Minuten\" \/>\n<script type=\"application\/ld+json\" class=\"yoast-schema-graph\">{\"@context\":\"https:\/\/schema.org\",\"@graph\":[{\"@type\":\"WebSite\",\"@id\":\"https:\/\/www.meilie-jewellery.com\/de\/#website\",\"url\":\"https:\/\/www.meilie-jewellery.com\/de\/\",\"name\":\"meilie-jewellery.com\",\"description\":\"\",\"potentialAction\":[{\"@type\":\"SearchAction\",\"target\":{\"@type\":\"EntryPoint\",\"urlTemplate\":\"https:\/\/www.meilie-jewellery.com\/de\/?s={search_term_string}\"},\"query-input\":\"required name=search_term_string\"}],\"inLanguage\":\"de\"},{\"@type\":\"WebPage\",\"@id\":\"https:\/\/www.meilie-jewellery.com\/de\/datenschutzerklarung\/\",\"url\":\"https:\/\/www.meilie-jewellery.com\/de\/datenschutzerklarung\/\",\"name\":\"Datenschutzerkl\u00e4rung - meilie-jewellery.com\",\"isPartOf\":{\"@id\":\"https:\/\/www.meilie-jewellery.com\/de\/#website\"},\"datePublished\":\"2019-10-02T14:11:59+00:00\",\"dateModified\":\"2019-10-14T09:44:04+00:00\",\"breadcrumb\":{\"@id\":\"https:\/\/www.meilie-jewellery.com\/de\/datenschutzerklarung\/#breadcrumb\"},\"inLanguage\":\"de\",\"potentialAction\":[{\"@type\":\"ReadAction\",\"target\":[\"https:\/\/www.meilie-jewellery.com\/de\/datenschutzerklarung\/\"]}]},{\"@type\":\"BreadcrumbList\",\"@id\":\"https:\/\/www.meilie-jewellery.com\/de\/datenschutzerklarung\/#breadcrumb\",\"itemListElement\":[{\"@type\":\"ListItem\",\"position\":1,\"name\":\"Startseite\",\"item\":\"https:\/\/www.meilie-jewellery.com\/de\/\"},{\"@type\":\"ListItem\",\"position\":2,\"name\":\"Datenschutzerkl\u00e4rung\"}]}]}<\/script>\n<!-- \/ Yoast SEO plugin. -->","yoast_head_json":{"title":"Datenschutzerkl\u00e4rung - meilie-jewellery.com","robots":{"index":"index","follow":"follow","max-snippet":"max-snippet:-1","max-image-preview":"max-image-preview:large","max-video-preview":"max-video-preview:-1"},"canonical":"https:\/\/www.meilie-jewellery.com\/de\/datenschutzerklarung\/","og_locale":"de_DE","og_type":"article","og_title":"Datenschutzerkl\u00e4rung - meilie-jewellery.com","og_description":"Datenschutzerkl\u00e4rung Willkommen bei Meilie&#8217;s Datenschutzerkl\u00e4rung! Wir haben unsere Datenschutzerkl\u00e4rung in \u00dcbereinstimmung mit den geltenden Vorschriften aktualisiert. Sie werden hier erfahren, wie wir Ihre personenbezogenen Daten erfassen und sicher aufbewahren. Alle personenbezogenen Daten \u00fcber Sie werden auf einem sicheren Server gespeichert. Wenn Sie unter 16 Jahre alt sind, m\u00fcssen Sie einen Elternteil oder Erziehungsberechtigten \u00fcber unsere [...]","og_url":"https:\/\/www.meilie-jewellery.com\/de\/datenschutzerklarung\/","og_site_name":"meilie-jewellery.com","article_modified_time":"2019-10-14T09:44:04+00:00","twitter_card":"summary_large_image","twitter_misc":{"Gesch\u00e4tzte Lesezeit":"2\u00a0Minuten"},"schema":{"@context":"https:\/\/schema.org","@graph":[{"@type":"WebSite","@id":"https:\/\/www.meilie-jewellery.com\/de\/#website","url":"https:\/\/www.meilie-jewellery.com\/de\/","name":"meilie-jewellery.com","description":"","potentialAction":[{"@type":"SearchAction","target":{"@type":"EntryPoint","urlTemplate":"https:\/\/www.meilie-jewellery.com\/de\/?s={search_term_string}"},"query-input":"required name=search_term_string"}],"inLanguage":"de"},{"@type":"WebPage","@id":"https:\/\/www.meilie-jewellery.com\/de\/datenschutzerklarung\/","url":"https:\/\/www.meilie-jewellery.com\/de\/datenschutzerklarung\/","name":"Datenschutzerkl\u00e4rung - meilie-jewellery.com","isPartOf":{"@id":"https:\/\/www.meilie-jewellery.com\/de\/#website"},"datePublished":"2019-10-02T14:11:59+00:00","dateModified":"2019-10-14T09:44:04+00:00","breadcrumb":{"@id":"https:\/\/www.meilie-jewellery.com\/de\/datenschutzerklarung\/#breadcrumb"},"inLanguage":"de","potentialAction":[{"@type":"ReadAction","target":["https:\/\/www.meilie-jewellery.com\/de\/datenschutzerklarung\/"]}]},{"@type":"BreadcrumbList","@id":"https:\/\/www.meilie-jewellery.com\/de\/datenschutzerklarung\/#breadcrumb","itemListElement":[{"@type":"ListItem","position":1,"name":"Startseite","item":"https:\/\/www.meilie-jewellery.com\/de\/"},{"@type":"ListItem","position":2,"name":"Datenschutzerkl\u00e4rung"}]}]}},"_links":{"self":[{"href":"https:\/\/www.meilie-jewellery.com\/de\/wp-json\/wp\/v2\/pages\/1735"}],"collection":[{"href":"https:\/\/www.meilie-jewellery.com\/de\/wp-json\/wp\/v2\/pages"}],"about":[{"href":"https:\/\/www.meilie-jewellery.com\/de\/wp-json\/wp\/v2\/types\/page"}],"author":[{"embeddable":true,"href":"https:\/\/www.meilie-jewellery.com\/de\/wp-json\/wp\/v2\/users\/1"}],"replies":[{"embeddable":true,"href":"https:\/\/www.meilie-jewellery.com\/de\/wp-json\/wp\/v2\/comments?post=1735"}],"version-history":[{"count":3,"href":"https:\/\/www.meilie-jewellery.com\/de\/wp-json\/wp\/v2\/pages\/1735\/revisions"}],"predecessor-version":[{"id":1877,"href":"https:\/\/www.meilie-jewellery.com\/de\/wp-json\/wp\/v2\/pages\/1735\/revisions\/1877"}],"wp:attachment":[{"href":"https:\/\/www.meilie-jewellery.com\/de\/wp-json\/wp\/v2\/media?parent=1735"}],"curies":[{"name":"wp","href":"https:\/\/api.w.org\/{rel}","templated":true}]}}