{"id":1882,"date":"2019-10-22T18:04:42","date_gmt":"2019-10-22T16:04:42","guid":{"rendered":"https:\/\/www.meilie-jewellery.com\/allgemeine-geschaftsbedingungen\/"},"modified":"2019-10-22T18:04:42","modified_gmt":"2019-10-22T16:04:42","slug":"allgemeine-geschaftsbedingungen","status":"publish","type":"page","link":"https:\/\/www.meilie-jewellery.com\/de\/allgemeine-geschaftsbedingungen\/","title":{"rendered":"Allgemeine Gesch\u00e4ftsbedingungen"},"content":{"rendered":"<h2>Allgemeine Gesch\u00e4ftsbedingungen<\/h2>\n<p>Auf dieser Seite finden Sie unsere Allgemeinen Gesch\u00e4ftsbedingungen, denen Sie mit Abschluss ihrer Bestellung zustimmen. Die Allgemeinen Gesch\u00e4ftsbedingungen k\u00f6nnen ohne eine Benachrichtigung unsererseits abge\u00e4ndert werden.<\/p>\n<h3>Bezahlung<\/h3>\n<p>-Wir akzeptieren Mastercard, Visa, PayPal und Sofort\u00fcberweisungen als Zahlungsmittel.<\/p>\n<p>-F\u00fcr Kunden aus dem Ausland unterliegt der angegebene Euro-Preis dem Wechselkurs ihres Finanzinstituts. <\/p>\n<h3>Lieferung<\/h3>\n<p>-Lieferkosten<\/p>\n<p>Deutschland: Kostenfrei<\/p>\n<p>Ausland: Bitte entnehmen Sie die jeweiligen Lieferkosten ins Ausland der CHECKOUT PAGE oder kontaktieren Sie uns.<\/p>\n<p>-Standard Versand:<\/p>\n<p>Deutschland: 3-4 Werktage<\/p>\n<p>EU: 5-6 Werktage<\/p>\n<p>Au\u00dfereurop\u00e4isches Ausland: ca. 10 Werktage<\/p>\n<p>-Express Versand:<\/p>\n<p>EU: 1 bis 2 Werktage<\/p>\n<p>Au\u00dfereurop\u00e4isches Ausland: ca. 3-4 Werktage<\/p>\n<p>-Alle anfallenden Z\u00f6lle, Steuern oder Importkosten, die vom Zielland erhoben werden, sind vom Kunden zu entrichten. <\/p>\n<p>-Meilie \u00fcbernimmt keine Haftung f\u00fcr versp\u00e4tete oder im Lieferprozess verlorene Produkte. Sollte eine falsche Lieferadresse angegeben werden, \u00fcbernimmt Meilie keine Verantwortung f\u00fcr den Verlust der Lieferung.<\/p>\n<h3>Stornierungsbedingungen <\/h3>\n<p>-Meilie versendet Ihre Lieferung sobald ihre Bestellung bei uns eingegangen ist. Daher erstatten wir im Falle einer Stornierung den Verkaufspreis jedoch nicht bereits entstandene Lieferkosten.<\/p>\n<h3>R\u00fcckgabe von Produkten<\/h3>\n<p>-Meilie akzeptiert die R\u00fcckgabe von Produkten innerhalb von 14 Tagen (EU) bzw. 28 Tagen (au\u00dfereurop\u00e4isches Ausland) nach dem Lieferbest\u00e4tigungsdatum.<\/p>\n<p>-Nach dieser Frist behalten wir uns das Recht vor, die R\u00fccksendung zu verweigern.<\/p>\n<p>-Alle Produkte m\u00fcssen ungetragen, originalverpackt und mit der Kaufbest\u00e4tigung zur\u00fcckgesendet werden. Meilie beh\u00e4lt es sich vor getragene, genutzte oder ungem\u00e4\u00df verpackte R\u00fccksendungen zu verweigern.<\/p>\n<p>-Preisreduzierte Produkte k\u00f6nnen nicht zur\u00fcckgegeben werden.<\/p>\n<p>-Bei der R\u00fccksendung verlorene Produkte k\u00f6nnen nicht erstattet werden. Die Kosten der R\u00fccksendung tr\u00e4gt der Kunde. Nach Erhalt und Pr\u00fcfung der R\u00fccksendung erstatten wir den vollen Kaufpreis abz\u00fcglich der Liefergeb\u00fchren. <\/p>\n<p>-Sollte eines unserer Produkte fehlerhaft oder besch\u00e4digt sein, tr\u00e4gt Meilie die R\u00fccksendungskosten. <\/p>\n<p>-R\u00fccksendungen werden normalerweise innerhalb von 7 Werktagen bearbeitet. In stark frequentierten Perioden k\u00f6nnen jedoch zeitliche Abweichungen auftreten.<\/p>\n<p>-Gem\u00e4\u00df ihrer gew\u00e4hlten Zahlungsmethode kann es einige Wochen dauern bis die R\u00fcckzahlung auf Ihrem Konto verbucht wird. <\/p>\n<p>-Alle auftretenden Transportkosten innerhalb der EU werden zur\u00fcckerstattet. Anfallende Kosten aus nicht EU-L\u00e4ndern werden nicht erstattet.<\/p>\n<p>-R\u00fcckerstattungen werden immer mit derselben Debit- oder Kreditkarte abgewickelt, die f\u00fcr den Kauf verwendet wurde. <\/p>\n<h3><u> SALE <\/u><\/h3>\n<p>-M\u00f6glicherweise haben Sie k\u00fcrzlich ein Produkt gekauft, dessen Preis jetzt reduziert wurde. In diesem Fall k\u00f6nnen wir Ihnen die Preisdifferenz nicht erstatten.<\/p>\n","protected":false},"excerpt":{"rendered":"<p>Allgemeine Gesch\u00e4ftsbedingungen Auf dieser Seite finden Sie unsere Allgemeinen Gesch\u00e4ftsbedingungen, denen Sie mit Abschluss ihrer Bestellung zustimmen. Die Allgemeinen Gesch\u00e4ftsbedingungen k\u00f6nnen ohne eine Benachrichtigung unsererseits abge\u00e4ndert werden. Bezahlung -Wir akzeptieren Mastercard, Visa, PayPal und Sofort\u00fcberweisungen als Zahlungsmittel. -F\u00fcr Kunden aus dem Ausland unterliegt der angegebene Euro-Preis dem Wechselkurs ihres Finanzinstituts. Lieferung -Lieferkosten Deutschland: Kostenfrei Ausland: [&#8230;]\n","protected":false},"author":1,"featured_media":0,"parent":0,"menu_order":0,"comment_status":"closed","ping_status":"closed","template":"","meta":[],"yoast_head":"<!-- This site is optimized with the Yoast SEO plugin v19.4 - https:\/\/yoast.com\/wordpress\/plugins\/seo\/ -->\n<title>Allgemeine Gesch\u00e4ftsbedingungen - meilie-jewellery.com<\/title>\n<meta name=\"robots\" content=\"index, follow, max-snippet:-1, max-image-preview:large, max-video-preview:-1\" \/>\n<link rel=\"canonical\" href=\"https:\/\/www.meilie-jewellery.com\/de\/allgemeine-geschaftsbedingungen\/\" \/>\n<meta property=\"og:locale\" content=\"de_DE\" \/>\n<meta property=\"og:type\" content=\"article\" \/>\n<meta property=\"og:title\" content=\"Allgemeine Gesch\u00e4ftsbedingungen - meilie-jewellery.com\" \/>\n<meta property=\"og:description\" content=\"Allgemeine Gesch\u00e4ftsbedingungen Auf dieser Seite finden Sie unsere Allgemeinen Gesch\u00e4ftsbedingungen, denen Sie mit Abschluss ihrer Bestellung zustimmen. Die Allgemeinen Gesch\u00e4ftsbedingungen k\u00f6nnen ohne eine Benachrichtigung unsererseits abge\u00e4ndert werden. Bezahlung -Wir akzeptieren Mastercard, Visa, PayPal und Sofort\u00fcberweisungen als Zahlungsmittel. -F\u00fcr Kunden aus dem Ausland unterliegt der angegebene Euro-Preis dem Wechselkurs ihres Finanzinstituts. Lieferung -Lieferkosten Deutschland: Kostenfrei Ausland: [...]\" \/>\n<meta property=\"og:url\" content=\"https:\/\/www.meilie-jewellery.com\/de\/allgemeine-geschaftsbedingungen\/\" \/>\n<meta property=\"og:site_name\" content=\"meilie-jewellery.com\" \/>\n<meta name=\"twitter:card\" content=\"summary_large_image\" \/>\n<meta name=\"twitter:label1\" content=\"Gesch\u00e4tzte Lesezeit\" \/>\n\t<meta name=\"twitter:data1\" content=\"2\u00a0Minuten\" \/>\n<script type=\"application\/ld+json\" class=\"yoast-schema-graph\">{\"@context\":\"https:\/\/schema.org\",\"@graph\":[{\"@type\":\"WebSite\",\"@id\":\"https:\/\/www.meilie-jewellery.com\/de\/#website\",\"url\":\"https:\/\/www.meilie-jewellery.com\/de\/\",\"name\":\"meilie-jewellery.com\",\"description\":\"\",\"potentialAction\":[{\"@type\":\"SearchAction\",\"target\":{\"@type\":\"EntryPoint\",\"urlTemplate\":\"https:\/\/www.meilie-jewellery.com\/de\/?s={search_term_string}\"},\"query-input\":\"required name=search_term_string\"}],\"inLanguage\":\"de\"},{\"@type\":\"WebPage\",\"@id\":\"https:\/\/www.meilie-jewellery.com\/de\/allgemeine-geschaftsbedingungen\/\",\"url\":\"https:\/\/www.meilie-jewellery.com\/de\/allgemeine-geschaftsbedingungen\/\",\"name\":\"Allgemeine Gesch\u00e4ftsbedingungen - meilie-jewellery.com\",\"isPartOf\":{\"@id\":\"https:\/\/www.meilie-jewellery.com\/de\/#website\"},\"datePublished\":\"2019-10-22T16:04:42+00:00\",\"dateModified\":\"2019-10-22T16:04:42+00:00\",\"breadcrumb\":{\"@id\":\"https:\/\/www.meilie-jewellery.com\/de\/allgemeine-geschaftsbedingungen\/#breadcrumb\"},\"inLanguage\":\"de\",\"potentialAction\":[{\"@type\":\"ReadAction\",\"target\":[\"https:\/\/www.meilie-jewellery.com\/de\/allgemeine-geschaftsbedingungen\/\"]}]},{\"@type\":\"BreadcrumbList\",\"@id\":\"https:\/\/www.meilie-jewellery.com\/de\/allgemeine-geschaftsbedingungen\/#breadcrumb\",\"itemListElement\":[{\"@type\":\"ListItem\",\"position\":1,\"name\":\"Startseite\",\"item\":\"https:\/\/www.meilie-jewellery.com\/de\/\"},{\"@type\":\"ListItem\",\"position\":2,\"name\":\"Allgemeine Gesch\u00e4ftsbedingungen\"}]}]}<\/script>\n<!-- \/ Yoast SEO plugin. -->","yoast_head_json":{"title":"Allgemeine Gesch\u00e4ftsbedingungen - meilie-jewellery.com","robots":{"index":"index","follow":"follow","max-snippet":"max-snippet:-1","max-image-preview":"max-image-preview:large","max-video-preview":"max-video-preview:-1"},"canonical":"https:\/\/www.meilie-jewellery.com\/de\/allgemeine-geschaftsbedingungen\/","og_locale":"de_DE","og_type":"article","og_title":"Allgemeine Gesch\u00e4ftsbedingungen - meilie-jewellery.com","og_description":"Allgemeine Gesch\u00e4ftsbedingungen Auf dieser Seite finden Sie unsere Allgemeinen Gesch\u00e4ftsbedingungen, denen Sie mit Abschluss ihrer Bestellung zustimmen. Die Allgemeinen Gesch\u00e4ftsbedingungen k\u00f6nnen ohne eine Benachrichtigung unsererseits abge\u00e4ndert werden. Bezahlung -Wir akzeptieren Mastercard, Visa, PayPal und Sofort\u00fcberweisungen als Zahlungsmittel. -F\u00fcr Kunden aus dem Ausland unterliegt der angegebene Euro-Preis dem Wechselkurs ihres Finanzinstituts. Lieferung -Lieferkosten Deutschland: Kostenfrei Ausland: [...]","og_url":"https:\/\/www.meilie-jewellery.com\/de\/allgemeine-geschaftsbedingungen\/","og_site_name":"meilie-jewellery.com","twitter_card":"summary_large_image","twitter_misc":{"Gesch\u00e4tzte Lesezeit":"2\u00a0Minuten"},"schema":{"@context":"https:\/\/schema.org","@graph":[{"@type":"WebSite","@id":"https:\/\/www.meilie-jewellery.com\/de\/#website","url":"https:\/\/www.meilie-jewellery.com\/de\/","name":"meilie-jewellery.com","description":"","potentialAction":[{"@type":"SearchAction","target":{"@type":"EntryPoint","urlTemplate":"https:\/\/www.meilie-jewellery.com\/de\/?s={search_term_string}"},"query-input":"required name=search_term_string"}],"inLanguage":"de"},{"@type":"WebPage","@id":"https:\/\/www.meilie-jewellery.com\/de\/allgemeine-geschaftsbedingungen\/","url":"https:\/\/www.meilie-jewellery.com\/de\/allgemeine-geschaftsbedingungen\/","name":"Allgemeine Gesch\u00e4ftsbedingungen - meilie-jewellery.com","isPartOf":{"@id":"https:\/\/www.meilie-jewellery.com\/de\/#website"},"datePublished":"2019-10-22T16:04:42+00:00","dateModified":"2019-10-22T16:04:42+00:00","breadcrumb":{"@id":"https:\/\/www.meilie-jewellery.com\/de\/allgemeine-geschaftsbedingungen\/#breadcrumb"},"inLanguage":"de","potentialAction":[{"@type":"ReadAction","target":["https:\/\/www.meilie-jewellery.com\/de\/allgemeine-geschaftsbedingungen\/"]}]},{"@type":"BreadcrumbList","@id":"https:\/\/www.meilie-jewellery.com\/de\/allgemeine-geschaftsbedingungen\/#breadcrumb","itemListElement":[{"@type":"ListItem","position":1,"name":"Startseite","item":"https:\/\/www.meilie-jewellery.com\/de\/"},{"@type":"ListItem","position":2,"name":"Allgemeine Gesch\u00e4ftsbedingungen"}]}]}},"_links":{"self":[{"href":"https:\/\/www.meilie-jewellery.com\/de\/wp-json\/wp\/v2\/pages\/1882"}],"collection":[{"href":"https:\/\/www.meilie-jewellery.com\/de\/wp-json\/wp\/v2\/pages"}],"about":[{"href":"https:\/\/www.meilie-jewellery.com\/de\/wp-json\/wp\/v2\/types\/page"}],"author":[{"embeddable":true,"href":"https:\/\/www.meilie-jewellery.com\/de\/wp-json\/wp\/v2\/users\/1"}],"replies":[{"embeddable":true,"href":"https:\/\/www.meilie-jewellery.com\/de\/wp-json\/wp\/v2\/comments?post=1882"}],"version-history":[{"count":0,"href":"https:\/\/www.meilie-jewellery.com\/de\/wp-json\/wp\/v2\/pages\/1882\/revisions"}],"wp:attachment":[{"href":"https:\/\/www.meilie-jewellery.com\/de\/wp-json\/wp\/v2\/media?parent=1882"}],"curies":[{"name":"wp","href":"https:\/\/api.w.org\/{rel}","templated":true}]}}