{"id":1778,"date":"2019-07-01T18:18:36","date_gmt":"2019-07-01T16:18:36","guid":{"rendered":"https:\/\/www.meilie-jewellery.com\/product\/gruner-quartz-ring\/"},"modified":"2020-10-23T17:33:01","modified_gmt":"2020-10-23T15:33:01","slug":"gruner-quartz-ring","status":"publish","type":"product","link":"https:\/\/www.meilie-jewellery.com\/de\/produkt\/gruner-quartz-ring\/","title":{"rendered":"Gr\u00fcner Quartz Ring"},"content":{"rendered":"<p>\u2022 Gr\u00fcner Quarz: Heilung, positiv, Begegnung mit deinem Seelenverwandten<br \/>\u2022 Pearl: Geburtstagsstein des Juni, Innere Sch\u00f6nheit, Attraktiv<\/p>\n<p>Alle unsere Schmuckst\u00fccke werden in Handarbeit mit echten nat\u00fcrlichen Kristallen und Edelsteinen hergestellt. Da alle unsere Schmuckst\u00fccke nat\u00fcrlich und handgefertigt sind, k\u00f6nnen sie in Farbe und Form leicht von den Fotos abweichen.<\/p>\n","protected":false},"excerpt":{"rendered":"<p>\u2022 Gr\u00fcner Quarz: Heilung, positiv, Begegnung mit deinem Seelenverwandten\u2022 Pearl: Geburtstagsstein des Juni, Innere Sch\u00f6nheit, Attraktiv Alle unsere Schmuckst\u00fccke werden in Handarbeit mit echten nat\u00fcrlichen Kristallen und Edelsteinen hergestellt. Da alle unsere Schmuckst\u00fccke nat\u00fcrlich und handgefertigt sind, k\u00f6nnen sie in Farbe und Form leicht von den Fotos abweichen.<\/p>\n","protected":false},"featured_media":3712,"comment_status":"open","ping_status":"closed","template":"","meta":[],"product_cat":[175,171],"product_tag":[],"yoast_head":"<!-- This site is optimized with the Yoast SEO plugin v19.4 - https:\/\/yoast.com\/wordpress\/plugins\/seo\/ -->\n<title>Gr\u00fcner Quartz Ring - meilie-jewellery.com<\/title>\n<meta name=\"robots\" content=\"index, follow, max-snippet:-1, max-image-preview:large, max-video-preview:-1\" \/>\n<link rel=\"canonical\" href=\"https:\/\/www.meilie-jewellery.com\/de\/produkt\/gruner-quartz-ring\/\" \/>\n<meta property=\"og:locale\" content=\"de_DE\" \/>\n<meta property=\"og:type\" content=\"article\" \/>\n<meta property=\"og:title\" content=\"Gr\u00fcner Quartz Ring - meilie-jewellery.com\" \/>\n<meta property=\"og:description\" content=\"\u2022 Gr\u00fcner Quarz: Heilung, positiv, Begegnung mit deinem Seelenverwandten\u2022 Pearl: Geburtstagsstein des Juni, Innere Sch\u00f6nheit, Attraktiv Alle unsere Schmuckst\u00fccke werden in Handarbeit mit echten nat\u00fcrlichen Kristallen und Edelsteinen hergestellt. Da alle unsere Schmuckst\u00fccke nat\u00fcrlich und handgefertigt sind, k\u00f6nnen sie in Farbe und Form leicht von den Fotos abweichen.\" \/>\n<meta property=\"og:url\" content=\"https:\/\/www.meilie-jewellery.com\/de\/produkt\/gruner-quartz-ring\/\" \/>\n<meta property=\"og:site_name\" content=\"meilie-jewellery.com\" \/>\n<meta property=\"article:modified_time\" content=\"2020-10-23T15:33:01+00:00\" \/>\n<meta property=\"og:image\" content=\"https:\/\/www.meilie-jewellery.com\/wp-content\/uploads\/2019\/07\/230012-1-1-scaled.jpg\" \/>\n\t<meta property=\"og:image:width\" content=\"1920\" \/>\n\t<meta property=\"og:image:height\" content=\"2560\" \/>\n\t<meta property=\"og:image:type\" content=\"image\/jpeg\" \/>\n<meta name=\"twitter:card\" content=\"summary_large_image\" \/>\n<script type=\"application\/ld+json\" class=\"yoast-schema-graph\">{\"@context\":\"https:\/\/schema.org\",\"@graph\":[{\"@type\":\"WebSite\",\"@id\":\"https:\/\/www.meilie-jewellery.com\/de\/#website\",\"url\":\"https:\/\/www.meilie-jewellery.com\/de\/\",\"name\":\"meilie-jewellery.com\",\"description\":\"\",\"potentialAction\":[{\"@type\":\"SearchAction\",\"target\":{\"@type\":\"EntryPoint\",\"urlTemplate\":\"https:\/\/www.meilie-jewellery.com\/de\/?s={search_term_string}\"},\"query-input\":\"required name=search_term_string\"}],\"inLanguage\":\"de\"},{\"@type\":\"WebPage\",\"@id\":\"https:\/\/www.meilie-jewellery.com\/de\/produkt\/gruner-quartz-ring\/\",\"url\":\"https:\/\/www.meilie-jewellery.com\/de\/produkt\/gruner-quartz-ring\/\",\"name\":\"Gr\u00fcner Quartz Ring - meilie-jewellery.com\",\"isPartOf\":{\"@id\":\"https:\/\/www.meilie-jewellery.com\/de\/#website\"},\"datePublished\":\"2019-07-01T16:18:36+00:00\",\"dateModified\":\"2020-10-23T15:33:01+00:00\",\"breadcrumb\":{\"@id\":\"https:\/\/www.meilie-jewellery.com\/de\/produkt\/gruner-quartz-ring\/#breadcrumb\"},\"inLanguage\":\"de\",\"potentialAction\":[{\"@type\":\"ReadAction\",\"target\":[\"https:\/\/www.meilie-jewellery.com\/de\/produkt\/gruner-quartz-ring\/\"]}]},{\"@type\":\"BreadcrumbList\",\"@id\":\"https:\/\/www.meilie-jewellery.com\/de\/produkt\/gruner-quartz-ring\/#breadcrumb\",\"itemListElement\":[{\"@type\":\"ListItem\",\"position\":1,\"name\":\"Startseite\",\"item\":\"https:\/\/www.meilie-jewellery.com\/de\/\"},{\"@type\":\"ListItem\",\"position\":2,\"name\":\"Shop\",\"item\":\"https:\/\/www.meilie-jewellery.com\/de\/shop\/\"},{\"@type\":\"ListItem\",\"position\":3,\"name\":\"Gr\u00fcner Quartz Ring\"}]}]}<\/script>\n<!-- \/ Yoast SEO plugin. -->","yoast_head_json":{"title":"Gr\u00fcner Quartz Ring - meilie-jewellery.com","robots":{"index":"index","follow":"follow","max-snippet":"max-snippet:-1","max-image-preview":"max-image-preview:large","max-video-preview":"max-video-preview:-1"},"canonical":"https:\/\/www.meilie-jewellery.com\/de\/produkt\/gruner-quartz-ring\/","og_locale":"de_DE","og_type":"article","og_title":"Gr\u00fcner Quartz Ring - meilie-jewellery.com","og_description":"\u2022 Gr\u00fcner Quarz: Heilung, positiv, Begegnung mit deinem Seelenverwandten\u2022 Pearl: Geburtstagsstein des Juni, Innere Sch\u00f6nheit, Attraktiv Alle unsere Schmuckst\u00fccke werden in Handarbeit mit echten nat\u00fcrlichen Kristallen und Edelsteinen hergestellt. Da alle unsere Schmuckst\u00fccke nat\u00fcrlich und handgefertigt sind, k\u00f6nnen sie in Farbe und Form leicht von den Fotos abweichen.","og_url":"https:\/\/www.meilie-jewellery.com\/de\/produkt\/gruner-quartz-ring\/","og_site_name":"meilie-jewellery.com","article_modified_time":"2020-10-23T15:33:01+00:00","og_image":[{"width":1920,"height":2560,"url":"https:\/\/www.meilie-jewellery.com\/wp-content\/uploads\/2019\/07\/230012-1-1-scaled.jpg","type":"image\/jpeg"}],"twitter_card":"summary_large_image","schema":{"@context":"https:\/\/schema.org","@graph":[{"@type":"WebSite","@id":"https:\/\/www.meilie-jewellery.com\/de\/#website","url":"https:\/\/www.meilie-jewellery.com\/de\/","name":"meilie-jewellery.com","description":"","potentialAction":[{"@type":"SearchAction","target":{"@type":"EntryPoint","urlTemplate":"https:\/\/www.meilie-jewellery.com\/de\/?s={search_term_string}"},"query-input":"required name=search_term_string"}],"inLanguage":"de"},{"@type":"WebPage","@id":"https:\/\/www.meilie-jewellery.com\/de\/produkt\/gruner-quartz-ring\/","url":"https:\/\/www.meilie-jewellery.com\/de\/produkt\/gruner-quartz-ring\/","name":"Gr\u00fcner Quartz Ring - meilie-jewellery.com","isPartOf":{"@id":"https:\/\/www.meilie-jewellery.com\/de\/#website"},"datePublished":"2019-07-01T16:18:36+00:00","dateModified":"2020-10-23T15:33:01+00:00","breadcrumb":{"@id":"https:\/\/www.meilie-jewellery.com\/de\/produkt\/gruner-quartz-ring\/#breadcrumb"},"inLanguage":"de","potentialAction":[{"@type":"ReadAction","target":["https:\/\/www.meilie-jewellery.com\/de\/produkt\/gruner-quartz-ring\/"]}]},{"@type":"BreadcrumbList","@id":"https:\/\/www.meilie-jewellery.com\/de\/produkt\/gruner-quartz-ring\/#breadcrumb","itemListElement":[{"@type":"ListItem","position":1,"name":"Startseite","item":"https:\/\/www.meilie-jewellery.com\/de\/"},{"@type":"ListItem","position":2,"name":"Shop","item":"https:\/\/www.meilie-jewellery.com\/de\/shop\/"},{"@type":"ListItem","position":3,"name":"Gr\u00fcner Quartz Ring"}]}]}},"_links":{"self":[{"href":"https:\/\/www.meilie-jewellery.com\/de\/wp-json\/wp\/v2\/product\/1778"}],"collection":[{"href":"https:\/\/www.meilie-jewellery.com\/de\/wp-json\/wp\/v2\/product"}],"about":[{"href":"https:\/\/www.meilie-jewellery.com\/de\/wp-json\/wp\/v2\/types\/product"}],"replies":[{"embeddable":true,"href":"https:\/\/www.meilie-jewellery.com\/de\/wp-json\/wp\/v2\/comments?post=1778"}],"wp:featuredmedia":[{"embeddable":true,"href":"https:\/\/www.meilie-jewellery.com\/de\/wp-json\/wp\/v2\/media\/3712"}],"wp:attachment":[{"href":"https:\/\/www.meilie-jewellery.com\/de\/wp-json\/wp\/v2\/media?parent=1778"}],"wp:term":[{"taxonomy":"product_cat","embeddable":true,"href":"https:\/\/www.meilie-jewellery.com\/de\/wp-json\/wp\/v2\/product_cat?post=1778"},{"taxonomy":"product_tag","embeddable":true,"href":"https:\/\/www.meilie-jewellery.com\/de\/wp-json\/wp\/v2\/product_tag?post=1778"}],"curies":[{"name":"wp","href":"https:\/\/api.w.org\/{rel}","templated":true}]}}