{"id":1811,"date":"2019-06-21T23:23:40","date_gmt":"2019-06-21T21:23:40","guid":{"rendered":"https:\/\/www.meilie-jewellery.com\/product\/aloha-armband-2\/"},"modified":"2020-10-12T16:20:25","modified_gmt":"2020-10-12T14:20:25","slug":"aloha-armband-2","status":"publish","type":"product","link":"https:\/\/www.meilie-jewellery.com\/de\/produkt\/aloha-armband-2\/","title":{"rendered":"Aloha Armband"},"content":{"rendered":"<p>\u2022 Jade: Frieden, Gnade, Weisheit \u2022 Amethyst: Intuition, Spiritualit\u00e4t, wahre Liebe \u2022 Gelber Chalzedon: Umwandlung von Negativit\u00e4t, Friedlichkeit, Heilung<\/p>\n<p>&nbsp;<\/p>\n<p>All unser Schmuck ist handgefertigt und mit nat\u00fcrlichen Kristallen und Edelsteinen verziert, weswegen es zu kleinen Farb- und Gr\u00f6\u00dfenabweichungen vom Photomodell kommen kann.<\/p>\n","protected":false},"excerpt":{"rendered":"<p>\u2022 Jade: Frieden, Gnade, Weisheit \u2022 Amethyst: Intuition, Spiritualit\u00e4t, wahre Liebe \u2022 Gelber Chalzedon: Umwandlung von Negativit\u00e4t, Friedlichkeit, Heilung &nbsp; All unser Schmuck ist handgefertigt und mit nat\u00fcrlichen Kristallen und Edelsteinen verziert, weswegen es zu kleinen Farb- und Gr\u00f6\u00dfenabweichungen vom Photomodell kommen kann.<\/p>\n","protected":false},"featured_media":3450,"comment_status":"open","ping_status":"closed","template":"","meta":[],"product_cat":[172,171],"product_tag":[179],"yoast_head":"<!-- This site is optimized with the Yoast SEO plugin v19.4 - https:\/\/yoast.com\/wordpress\/plugins\/seo\/ -->\n<title>Aloha Armband - meilie-jewellery.com<\/title>\n<meta name=\"robots\" content=\"index, follow, max-snippet:-1, max-image-preview:large, max-video-preview:-1\" \/>\n<link rel=\"canonical\" href=\"https:\/\/www.meilie-jewellery.com\/de\/produkt\/aloha-armband-2\/\" \/>\n<meta property=\"og:locale\" content=\"de_DE\" \/>\n<meta property=\"og:type\" content=\"article\" \/>\n<meta property=\"og:title\" content=\"Aloha Armband - meilie-jewellery.com\" \/>\n<meta property=\"og:description\" content=\"\u2022 Jade: Frieden, Gnade, Weisheit \u2022 Amethyst: Intuition, Spiritualit\u00e4t, wahre Liebe \u2022 Gelber Chalzedon: Umwandlung von Negativit\u00e4t, Friedlichkeit, Heilung &nbsp; All unser Schmuck ist handgefertigt und mit nat\u00fcrlichen Kristallen und Edelsteinen verziert, weswegen es zu kleinen Farb- und Gr\u00f6\u00dfenabweichungen vom Photomodell kommen kann.\" \/>\n<meta property=\"og:url\" content=\"https:\/\/www.meilie-jewellery.com\/de\/produkt\/aloha-armband-2\/\" \/>\n<meta property=\"og:site_name\" content=\"meilie-jewellery.com\" \/>\n<meta property=\"article:modified_time\" content=\"2020-10-12T14:20:25+00:00\" \/>\n<meta property=\"og:image\" content=\"https:\/\/www.meilie-jewellery.com\/wp-content\/uploads\/2019\/06\/WeChat-Image_20201008140211.jpg\" \/>\n\t<meta property=\"og:image:width\" content=\"1080\" \/>\n\t<meta property=\"og:image:height\" content=\"1440\" \/>\n\t<meta property=\"og:image:type\" content=\"image\/jpeg\" \/>\n<meta name=\"twitter:card\" content=\"summary_large_image\" \/>\n<script type=\"application\/ld+json\" class=\"yoast-schema-graph\">{\"@context\":\"https:\/\/schema.org\",\"@graph\":[{\"@type\":\"WebSite\",\"@id\":\"https:\/\/www.meilie-jewellery.com\/de\/#website\",\"url\":\"https:\/\/www.meilie-jewellery.com\/de\/\",\"name\":\"meilie-jewellery.com\",\"description\":\"\",\"potentialAction\":[{\"@type\":\"SearchAction\",\"target\":{\"@type\":\"EntryPoint\",\"urlTemplate\":\"https:\/\/www.meilie-jewellery.com\/de\/?s={search_term_string}\"},\"query-input\":\"required name=search_term_string\"}],\"inLanguage\":\"de\"},{\"@type\":\"WebPage\",\"@id\":\"https:\/\/www.meilie-jewellery.com\/de\/produkt\/aloha-armband-2\/\",\"url\":\"https:\/\/www.meilie-jewellery.com\/de\/produkt\/aloha-armband-2\/\",\"name\":\"Aloha Armband - meilie-jewellery.com\",\"isPartOf\":{\"@id\":\"https:\/\/www.meilie-jewellery.com\/de\/#website\"},\"datePublished\":\"2019-06-21T21:23:40+00:00\",\"dateModified\":\"2020-10-12T14:20:25+00:00\",\"breadcrumb\":{\"@id\":\"https:\/\/www.meilie-jewellery.com\/de\/produkt\/aloha-armband-2\/#breadcrumb\"},\"inLanguage\":\"de\",\"potentialAction\":[{\"@type\":\"ReadAction\",\"target\":[\"https:\/\/www.meilie-jewellery.com\/de\/produkt\/aloha-armband-2\/\"]}]},{\"@type\":\"BreadcrumbList\",\"@id\":\"https:\/\/www.meilie-jewellery.com\/de\/produkt\/aloha-armband-2\/#breadcrumb\",\"itemListElement\":[{\"@type\":\"ListItem\",\"position\":1,\"name\":\"Startseite\",\"item\":\"https:\/\/www.meilie-jewellery.com\/de\/\"},{\"@type\":\"ListItem\",\"position\":2,\"name\":\"Shop\",\"item\":\"https:\/\/www.meilie-jewellery.com\/de\/shop\/\"},{\"@type\":\"ListItem\",\"position\":3,\"name\":\"Aloha Armband\"}]}]}<\/script>\n<!-- \/ Yoast SEO plugin. -->","yoast_head_json":{"title":"Aloha Armband - meilie-jewellery.com","robots":{"index":"index","follow":"follow","max-snippet":"max-snippet:-1","max-image-preview":"max-image-preview:large","max-video-preview":"max-video-preview:-1"},"canonical":"https:\/\/www.meilie-jewellery.com\/de\/produkt\/aloha-armband-2\/","og_locale":"de_DE","og_type":"article","og_title":"Aloha Armband - meilie-jewellery.com","og_description":"\u2022 Jade: Frieden, Gnade, Weisheit \u2022 Amethyst: Intuition, Spiritualit\u00e4t, wahre Liebe \u2022 Gelber Chalzedon: Umwandlung von Negativit\u00e4t, Friedlichkeit, Heilung &nbsp; All unser Schmuck ist handgefertigt und mit nat\u00fcrlichen Kristallen und Edelsteinen verziert, weswegen es zu kleinen Farb- und Gr\u00f6\u00dfenabweichungen vom Photomodell kommen kann.","og_url":"https:\/\/www.meilie-jewellery.com\/de\/produkt\/aloha-armband-2\/","og_site_name":"meilie-jewellery.com","article_modified_time":"2020-10-12T14:20:25+00:00","og_image":[{"width":1080,"height":1440,"url":"https:\/\/www.meilie-jewellery.com\/wp-content\/uploads\/2019\/06\/WeChat-Image_20201008140211.jpg","type":"image\/jpeg"}],"twitter_card":"summary_large_image","schema":{"@context":"https:\/\/schema.org","@graph":[{"@type":"WebSite","@id":"https:\/\/www.meilie-jewellery.com\/de\/#website","url":"https:\/\/www.meilie-jewellery.com\/de\/","name":"meilie-jewellery.com","description":"","potentialAction":[{"@type":"SearchAction","target":{"@type":"EntryPoint","urlTemplate":"https:\/\/www.meilie-jewellery.com\/de\/?s={search_term_string}"},"query-input":"required name=search_term_string"}],"inLanguage":"de"},{"@type":"WebPage","@id":"https:\/\/www.meilie-jewellery.com\/de\/produkt\/aloha-armband-2\/","url":"https:\/\/www.meilie-jewellery.com\/de\/produkt\/aloha-armband-2\/","name":"Aloha Armband - meilie-jewellery.com","isPartOf":{"@id":"https:\/\/www.meilie-jewellery.com\/de\/#website"},"datePublished":"2019-06-21T21:23:40+00:00","dateModified":"2020-10-12T14:20:25+00:00","breadcrumb":{"@id":"https:\/\/www.meilie-jewellery.com\/de\/produkt\/aloha-armband-2\/#breadcrumb"},"inLanguage":"de","potentialAction":[{"@type":"ReadAction","target":["https:\/\/www.meilie-jewellery.com\/de\/produkt\/aloha-armband-2\/"]}]},{"@type":"BreadcrumbList","@id":"https:\/\/www.meilie-jewellery.com\/de\/produkt\/aloha-armband-2\/#breadcrumb","itemListElement":[{"@type":"ListItem","position":1,"name":"Startseite","item":"https:\/\/www.meilie-jewellery.com\/de\/"},{"@type":"ListItem","position":2,"name":"Shop","item":"https:\/\/www.meilie-jewellery.com\/de\/shop\/"},{"@type":"ListItem","position":3,"name":"Aloha Armband"}]}]}},"_links":{"self":[{"href":"https:\/\/www.meilie-jewellery.com\/de\/wp-json\/wp\/v2\/product\/1811"}],"collection":[{"href":"https:\/\/www.meilie-jewellery.com\/de\/wp-json\/wp\/v2\/product"}],"about":[{"href":"https:\/\/www.meilie-jewellery.com\/de\/wp-json\/wp\/v2\/types\/product"}],"replies":[{"embeddable":true,"href":"https:\/\/www.meilie-jewellery.com\/de\/wp-json\/wp\/v2\/comments?post=1811"}],"wp:featuredmedia":[{"embeddable":true,"href":"https:\/\/www.meilie-jewellery.com\/de\/wp-json\/wp\/v2\/media\/3450"}],"wp:attachment":[{"href":"https:\/\/www.meilie-jewellery.com\/de\/wp-json\/wp\/v2\/media?parent=1811"}],"wp:term":[{"taxonomy":"product_cat","embeddable":true,"href":"https:\/\/www.meilie-jewellery.com\/de\/wp-json\/wp\/v2\/product_cat?post=1811"},{"taxonomy":"product_tag","embeddable":true,"href":"https:\/\/www.meilie-jewellery.com\/de\/wp-json\/wp\/v2\/product_tag?post=1811"}],"curies":[{"name":"wp","href":"https:\/\/api.w.org\/{rel}","templated":true}]}}