{"id":1823,"date":"2019-06-21T10:46:57","date_gmt":"2019-06-21T08:46:57","guid":{"rendered":"https:\/\/www.meilie-jewellery.com\/product\/schlussel-der-hoffnung\/"},"modified":"2020-10-01T22:46:54","modified_gmt":"2020-10-01T20:46:54","slug":"schlussel-der-hoffnung","status":"publish","type":"product","link":"https:\/\/www.meilie-jewellery.com\/de\/produkt\/schlussel-der-hoffnung\/","title":{"rendered":"Schl\u00fcssel der Hoffnung"},"content":{"rendered":"<p>In einem silbernen Schl\u00fcssel eingelassene Turmaline und wei\u00dfer Quarz. Eine der Kr\u00e4fte von Turmalin ist das Ergreifen von Gelegenheiten und Chancen. Dieser Schl\u00fcssel hilft deinen W\u00fcnschen f\u00fcr eine bessere und gl\u00fccklichere Zukunft in Erf\u00fcllung zu gehen.<br \/>\n\u2022\tTurmalin: Mut, Vitalit\u00e4t, aktivierte Energie<br \/>\n\u2022\tWei\u00dfer Quarz: Reinigung, gesteigerte Energie, Harmonie<br \/>\nAll unser Schmuck ist handgefertigt und mit nat\u00fcrlichen Kristallen und Edelsteinen verziert, weswegen es zu kleinen Farb- und Gr\u00f6\u00dfenabweichungen vom Photomodell kommen kann.<\/p>\n","protected":false},"excerpt":{"rendered":"<p>In einem silbernen Schl\u00fcssel eingelassene Turmaline und wei\u00dfer Quarz. Eine der Kr\u00e4fte von Turmalin ist das Ergreifen von Gelegenheiten und Chancen. Dieser Schl\u00fcssel hilft deinen W\u00fcnschen f\u00fcr eine bessere und gl\u00fccklichere Zukunft in Erf\u00fcllung zu gehen. \u2022 Turmalin: Mut, Vitalit\u00e4t, aktivierte Energie \u2022 Wei\u00dfer Quarz: Reinigung, gesteigerte Energie, Harmonie All unser Schmuck ist handgefertigt und [&#8230;]\n","protected":false},"featured_media":3164,"comment_status":"open","ping_status":"closed","template":"","meta":[],"product_cat":[174,171],"product_tag":[186],"yoast_head":"<!-- This site is optimized with the Yoast SEO plugin v19.4 - https:\/\/yoast.com\/wordpress\/plugins\/seo\/ -->\n<title>Schl\u00fcssel der Hoffnung - meilie-jewellery.com<\/title>\n<meta name=\"robots\" content=\"index, follow, max-snippet:-1, max-image-preview:large, max-video-preview:-1\" \/>\n<link rel=\"canonical\" href=\"https:\/\/www.meilie-jewellery.com\/de\/produkt\/schlussel-der-hoffnung\/\" \/>\n<meta property=\"og:locale\" content=\"de_DE\" \/>\n<meta property=\"og:type\" content=\"article\" \/>\n<meta property=\"og:title\" content=\"Schl\u00fcssel der Hoffnung - meilie-jewellery.com\" \/>\n<meta property=\"og:description\" content=\"In einem silbernen Schl\u00fcssel eingelassene Turmaline und wei\u00dfer Quarz. Eine der Kr\u00e4fte von Turmalin ist das Ergreifen von Gelegenheiten und Chancen. Dieser Schl\u00fcssel hilft deinen W\u00fcnschen f\u00fcr eine bessere und gl\u00fccklichere Zukunft in Erf\u00fcllung zu gehen. \u2022 Turmalin: Mut, Vitalit\u00e4t, aktivierte Energie \u2022 Wei\u00dfer Quarz: Reinigung, gesteigerte Energie, Harmonie All unser Schmuck ist handgefertigt und [...]\" \/>\n<meta property=\"og:url\" content=\"https:\/\/www.meilie-jewellery.com\/de\/produkt\/schlussel-der-hoffnung\/\" \/>\n<meta property=\"og:site_name\" content=\"meilie-jewellery.com\" \/>\n<meta property=\"article:modified_time\" content=\"2020-10-01T20:46:54+00:00\" \/>\n<meta property=\"og:image\" content=\"https:\/\/www.meilie-jewellery.com\/wp-content\/uploads\/2019\/06\/WeChat-Image_20201001203732.jpg\" \/>\n\t<meta property=\"og:image:width\" content=\"1080\" \/>\n\t<meta property=\"og:image:height\" content=\"1440\" \/>\n\t<meta property=\"og:image:type\" content=\"image\/jpeg\" \/>\n<meta name=\"twitter:card\" content=\"summary_large_image\" \/>\n<script type=\"application\/ld+json\" class=\"yoast-schema-graph\">{\"@context\":\"https:\/\/schema.org\",\"@graph\":[{\"@type\":\"WebSite\",\"@id\":\"https:\/\/www.meilie-jewellery.com\/de\/#website\",\"url\":\"https:\/\/www.meilie-jewellery.com\/de\/\",\"name\":\"meilie-jewellery.com\",\"description\":\"\",\"potentialAction\":[{\"@type\":\"SearchAction\",\"target\":{\"@type\":\"EntryPoint\",\"urlTemplate\":\"https:\/\/www.meilie-jewellery.com\/de\/?s={search_term_string}\"},\"query-input\":\"required name=search_term_string\"}],\"inLanguage\":\"de\"},{\"@type\":\"WebPage\",\"@id\":\"https:\/\/www.meilie-jewellery.com\/de\/produkt\/schlussel-der-hoffnung\/\",\"url\":\"https:\/\/www.meilie-jewellery.com\/de\/produkt\/schlussel-der-hoffnung\/\",\"name\":\"Schl\u00fcssel der Hoffnung - meilie-jewellery.com\",\"isPartOf\":{\"@id\":\"https:\/\/www.meilie-jewellery.com\/de\/#website\"},\"datePublished\":\"2019-06-21T08:46:57+00:00\",\"dateModified\":\"2020-10-01T20:46:54+00:00\",\"breadcrumb\":{\"@id\":\"https:\/\/www.meilie-jewellery.com\/de\/produkt\/schlussel-der-hoffnung\/#breadcrumb\"},\"inLanguage\":\"de\",\"potentialAction\":[{\"@type\":\"ReadAction\",\"target\":[\"https:\/\/www.meilie-jewellery.com\/de\/produkt\/schlussel-der-hoffnung\/\"]}]},{\"@type\":\"BreadcrumbList\",\"@id\":\"https:\/\/www.meilie-jewellery.com\/de\/produkt\/schlussel-der-hoffnung\/#breadcrumb\",\"itemListElement\":[{\"@type\":\"ListItem\",\"position\":1,\"name\":\"Startseite\",\"item\":\"https:\/\/www.meilie-jewellery.com\/de\/\"},{\"@type\":\"ListItem\",\"position\":2,\"name\":\"Shop\",\"item\":\"https:\/\/www.meilie-jewellery.com\/de\/shop\/\"},{\"@type\":\"ListItem\",\"position\":3,\"name\":\"Schl\u00fcssel der Hoffnung\"}]}]}<\/script>\n<!-- \/ Yoast SEO plugin. -->","yoast_head_json":{"title":"Schl\u00fcssel der Hoffnung - meilie-jewellery.com","robots":{"index":"index","follow":"follow","max-snippet":"max-snippet:-1","max-image-preview":"max-image-preview:large","max-video-preview":"max-video-preview:-1"},"canonical":"https:\/\/www.meilie-jewellery.com\/de\/produkt\/schlussel-der-hoffnung\/","og_locale":"de_DE","og_type":"article","og_title":"Schl\u00fcssel der Hoffnung - meilie-jewellery.com","og_description":"In einem silbernen Schl\u00fcssel eingelassene Turmaline und wei\u00dfer Quarz. Eine der Kr\u00e4fte von Turmalin ist das Ergreifen von Gelegenheiten und Chancen. Dieser Schl\u00fcssel hilft deinen W\u00fcnschen f\u00fcr eine bessere und gl\u00fccklichere Zukunft in Erf\u00fcllung zu gehen. \u2022 Turmalin: Mut, Vitalit\u00e4t, aktivierte Energie \u2022 Wei\u00dfer Quarz: Reinigung, gesteigerte Energie, Harmonie All unser Schmuck ist handgefertigt und [...]","og_url":"https:\/\/www.meilie-jewellery.com\/de\/produkt\/schlussel-der-hoffnung\/","og_site_name":"meilie-jewellery.com","article_modified_time":"2020-10-01T20:46:54+00:00","og_image":[{"width":1080,"height":1440,"url":"https:\/\/www.meilie-jewellery.com\/wp-content\/uploads\/2019\/06\/WeChat-Image_20201001203732.jpg","type":"image\/jpeg"}],"twitter_card":"summary_large_image","schema":{"@context":"https:\/\/schema.org","@graph":[{"@type":"WebSite","@id":"https:\/\/www.meilie-jewellery.com\/de\/#website","url":"https:\/\/www.meilie-jewellery.com\/de\/","name":"meilie-jewellery.com","description":"","potentialAction":[{"@type":"SearchAction","target":{"@type":"EntryPoint","urlTemplate":"https:\/\/www.meilie-jewellery.com\/de\/?s={search_term_string}"},"query-input":"required name=search_term_string"}],"inLanguage":"de"},{"@type":"WebPage","@id":"https:\/\/www.meilie-jewellery.com\/de\/produkt\/schlussel-der-hoffnung\/","url":"https:\/\/www.meilie-jewellery.com\/de\/produkt\/schlussel-der-hoffnung\/","name":"Schl\u00fcssel der Hoffnung - meilie-jewellery.com","isPartOf":{"@id":"https:\/\/www.meilie-jewellery.com\/de\/#website"},"datePublished":"2019-06-21T08:46:57+00:00","dateModified":"2020-10-01T20:46:54+00:00","breadcrumb":{"@id":"https:\/\/www.meilie-jewellery.com\/de\/produkt\/schlussel-der-hoffnung\/#breadcrumb"},"inLanguage":"de","potentialAction":[{"@type":"ReadAction","target":["https:\/\/www.meilie-jewellery.com\/de\/produkt\/schlussel-der-hoffnung\/"]}]},{"@type":"BreadcrumbList","@id":"https:\/\/www.meilie-jewellery.com\/de\/produkt\/schlussel-der-hoffnung\/#breadcrumb","itemListElement":[{"@type":"ListItem","position":1,"name":"Startseite","item":"https:\/\/www.meilie-jewellery.com\/de\/"},{"@type":"ListItem","position":2,"name":"Shop","item":"https:\/\/www.meilie-jewellery.com\/de\/shop\/"},{"@type":"ListItem","position":3,"name":"Schl\u00fcssel der Hoffnung"}]}]}},"_links":{"self":[{"href":"https:\/\/www.meilie-jewellery.com\/de\/wp-json\/wp\/v2\/product\/1823"}],"collection":[{"href":"https:\/\/www.meilie-jewellery.com\/de\/wp-json\/wp\/v2\/product"}],"about":[{"href":"https:\/\/www.meilie-jewellery.com\/de\/wp-json\/wp\/v2\/types\/product"}],"replies":[{"embeddable":true,"href":"https:\/\/www.meilie-jewellery.com\/de\/wp-json\/wp\/v2\/comments?post=1823"}],"wp:featuredmedia":[{"embeddable":true,"href":"https:\/\/www.meilie-jewellery.com\/de\/wp-json\/wp\/v2\/media\/3164"}],"wp:attachment":[{"href":"https:\/\/www.meilie-jewellery.com\/de\/wp-json\/wp\/v2\/media?parent=1823"}],"wp:term":[{"taxonomy":"product_cat","embeddable":true,"href":"https:\/\/www.meilie-jewellery.com\/de\/wp-json\/wp\/v2\/product_cat?post=1823"},{"taxonomy":"product_tag","embeddable":true,"href":"https:\/\/www.meilie-jewellery.com\/de\/wp-json\/wp\/v2\/product_tag?post=1823"}],"curies":[{"name":"wp","href":"https:\/\/api.w.org\/{rel}","templated":true}]}}