{"id":1945,"date":"2019-11-11T22:01:13","date_gmt":"2019-11-11T21:01:13","guid":{"rendered":"https:\/\/www.meilie-jewellery.com\/?post_type=product&#038;p=1945"},"modified":"2020-10-05T18:36:25","modified_gmt":"2020-10-05T16:36:25","slug":"turmalin-halskette","status":"publish","type":"product","link":"https:\/\/www.meilie-jewellery.com\/de\/produkt\/turmalin-halskette\/","title":{"rendered":"Turmalin Halskette"},"content":{"rendered":"<p>\u2022\tTurmalin: Mut, Vitalit\u00e4t, aktivierte Energie<br \/>\n\u2022\tWei\u00dfer Quarz: Reinigung, gesteigerte Energie, Harmonie<br \/>\nAlle unsere Schmuckst\u00fccke werden in Handarbeit mit echten nat\u00fcrlichen Kristallen und Edelsteinen hergestellt. Da alle unsere Schmuckst\u00fccke nat\u00fcrlich und handgefertigt sind, k\u00f6nnen sie in Farbe und Form leicht von den Fotos abweichen. <\/p>\n","protected":false},"excerpt":{"rendered":"<p>\u2022 Turmalin: Mut, Vitalit\u00e4t, aktivierte Energie \u2022 Wei\u00dfer Quarz: Reinigung, gesteigerte Energie, Harmonie Alle unsere Schmuckst\u00fccke werden in Handarbeit mit echten nat\u00fcrlichen Kristallen und Edelsteinen hergestellt. Da alle unsere Schmuckst\u00fccke nat\u00fcrlich und handgefertigt sind, k\u00f6nnen sie in Farbe und Form leicht von den Fotos abweichen.<\/p>\n","protected":false},"featured_media":3130,"comment_status":"open","ping_status":"closed","template":"","meta":[],"product_cat":[174,171],"product_tag":[186],"yoast_head":"<!-- This site is optimized with the Yoast SEO plugin v19.4 - https:\/\/yoast.com\/wordpress\/plugins\/seo\/ -->\n<title>Turmalin Halskette - meilie-jewellery.com<\/title>\n<meta name=\"robots\" content=\"index, follow, max-snippet:-1, max-image-preview:large, max-video-preview:-1\" \/>\n<link rel=\"canonical\" href=\"https:\/\/www.meilie-jewellery.com\/de\/produkt\/turmalin-halskette\/\" \/>\n<meta property=\"og:locale\" content=\"de_DE\" \/>\n<meta property=\"og:type\" content=\"article\" \/>\n<meta property=\"og:title\" content=\"Turmalin Halskette - meilie-jewellery.com\" \/>\n<meta property=\"og:description\" content=\"\u2022 Turmalin: Mut, Vitalit\u00e4t, aktivierte Energie \u2022 Wei\u00dfer Quarz: Reinigung, gesteigerte Energie, Harmonie Alle unsere Schmuckst\u00fccke werden in Handarbeit mit echten nat\u00fcrlichen Kristallen und Edelsteinen hergestellt. Da alle unsere Schmuckst\u00fccke nat\u00fcrlich und handgefertigt sind, k\u00f6nnen sie in Farbe und Form leicht von den Fotos abweichen.\" \/>\n<meta property=\"og:url\" content=\"https:\/\/www.meilie-jewellery.com\/de\/produkt\/turmalin-halskette\/\" \/>\n<meta property=\"og:site_name\" content=\"meilie-jewellery.com\" \/>\n<meta property=\"article:modified_time\" content=\"2020-10-05T16:36:25+00:00\" \/>\n<meta property=\"og:image\" content=\"https:\/\/www.meilie-jewellery.com\/wp-content\/uploads\/2019\/11\/218032-2-1-scaled.jpg\" \/>\n\t<meta property=\"og:image:width\" content=\"1920\" \/>\n\t<meta property=\"og:image:height\" content=\"2560\" \/>\n\t<meta property=\"og:image:type\" content=\"image\/jpeg\" \/>\n<meta name=\"twitter:card\" content=\"summary_large_image\" \/>\n<script type=\"application\/ld+json\" class=\"yoast-schema-graph\">{\"@context\":\"https:\/\/schema.org\",\"@graph\":[{\"@type\":\"WebSite\",\"@id\":\"https:\/\/www.meilie-jewellery.com\/de\/#website\",\"url\":\"https:\/\/www.meilie-jewellery.com\/de\/\",\"name\":\"meilie-jewellery.com\",\"description\":\"\",\"potentialAction\":[{\"@type\":\"SearchAction\",\"target\":{\"@type\":\"EntryPoint\",\"urlTemplate\":\"https:\/\/www.meilie-jewellery.com\/de\/?s={search_term_string}\"},\"query-input\":\"required name=search_term_string\"}],\"inLanguage\":\"de\"},{\"@type\":\"WebPage\",\"@id\":\"https:\/\/www.meilie-jewellery.com\/de\/produkt\/turmalin-halskette\/\",\"url\":\"https:\/\/www.meilie-jewellery.com\/de\/produkt\/turmalin-halskette\/\",\"name\":\"Turmalin Halskette - meilie-jewellery.com\",\"isPartOf\":{\"@id\":\"https:\/\/www.meilie-jewellery.com\/de\/#website\"},\"datePublished\":\"2019-11-11T21:01:13+00:00\",\"dateModified\":\"2020-10-05T16:36:25+00:00\",\"breadcrumb\":{\"@id\":\"https:\/\/www.meilie-jewellery.com\/de\/produkt\/turmalin-halskette\/#breadcrumb\"},\"inLanguage\":\"de\",\"potentialAction\":[{\"@type\":\"ReadAction\",\"target\":[\"https:\/\/www.meilie-jewellery.com\/de\/produkt\/turmalin-halskette\/\"]}]},{\"@type\":\"BreadcrumbList\",\"@id\":\"https:\/\/www.meilie-jewellery.com\/de\/produkt\/turmalin-halskette\/#breadcrumb\",\"itemListElement\":[{\"@type\":\"ListItem\",\"position\":1,\"name\":\"Startseite\",\"item\":\"https:\/\/www.meilie-jewellery.com\/de\/\"},{\"@type\":\"ListItem\",\"position\":2,\"name\":\"Shop\",\"item\":\"https:\/\/www.meilie-jewellery.com\/de\/shop\/\"},{\"@type\":\"ListItem\",\"position\":3,\"name\":\"Turmalin Halskette\"}]}]}<\/script>\n<!-- \/ Yoast SEO plugin. -->","yoast_head_json":{"title":"Turmalin Halskette - meilie-jewellery.com","robots":{"index":"index","follow":"follow","max-snippet":"max-snippet:-1","max-image-preview":"max-image-preview:large","max-video-preview":"max-video-preview:-1"},"canonical":"https:\/\/www.meilie-jewellery.com\/de\/produkt\/turmalin-halskette\/","og_locale":"de_DE","og_type":"article","og_title":"Turmalin Halskette - meilie-jewellery.com","og_description":"\u2022 Turmalin: Mut, Vitalit\u00e4t, aktivierte Energie \u2022 Wei\u00dfer Quarz: Reinigung, gesteigerte Energie, Harmonie Alle unsere Schmuckst\u00fccke werden in Handarbeit mit echten nat\u00fcrlichen Kristallen und Edelsteinen hergestellt. Da alle unsere Schmuckst\u00fccke nat\u00fcrlich und handgefertigt sind, k\u00f6nnen sie in Farbe und Form leicht von den Fotos abweichen.","og_url":"https:\/\/www.meilie-jewellery.com\/de\/produkt\/turmalin-halskette\/","og_site_name":"meilie-jewellery.com","article_modified_time":"2020-10-05T16:36:25+00:00","og_image":[{"width":1920,"height":2560,"url":"https:\/\/www.meilie-jewellery.com\/wp-content\/uploads\/2019\/11\/218032-2-1-scaled.jpg","type":"image\/jpeg"}],"twitter_card":"summary_large_image","schema":{"@context":"https:\/\/schema.org","@graph":[{"@type":"WebSite","@id":"https:\/\/www.meilie-jewellery.com\/de\/#website","url":"https:\/\/www.meilie-jewellery.com\/de\/","name":"meilie-jewellery.com","description":"","potentialAction":[{"@type":"SearchAction","target":{"@type":"EntryPoint","urlTemplate":"https:\/\/www.meilie-jewellery.com\/de\/?s={search_term_string}"},"query-input":"required name=search_term_string"}],"inLanguage":"de"},{"@type":"WebPage","@id":"https:\/\/www.meilie-jewellery.com\/de\/produkt\/turmalin-halskette\/","url":"https:\/\/www.meilie-jewellery.com\/de\/produkt\/turmalin-halskette\/","name":"Turmalin Halskette - meilie-jewellery.com","isPartOf":{"@id":"https:\/\/www.meilie-jewellery.com\/de\/#website"},"datePublished":"2019-11-11T21:01:13+00:00","dateModified":"2020-10-05T16:36:25+00:00","breadcrumb":{"@id":"https:\/\/www.meilie-jewellery.com\/de\/produkt\/turmalin-halskette\/#breadcrumb"},"inLanguage":"de","potentialAction":[{"@type":"ReadAction","target":["https:\/\/www.meilie-jewellery.com\/de\/produkt\/turmalin-halskette\/"]}]},{"@type":"BreadcrumbList","@id":"https:\/\/www.meilie-jewellery.com\/de\/produkt\/turmalin-halskette\/#breadcrumb","itemListElement":[{"@type":"ListItem","position":1,"name":"Startseite","item":"https:\/\/www.meilie-jewellery.com\/de\/"},{"@type":"ListItem","position":2,"name":"Shop","item":"https:\/\/www.meilie-jewellery.com\/de\/shop\/"},{"@type":"ListItem","position":3,"name":"Turmalin Halskette"}]}]}},"_links":{"self":[{"href":"https:\/\/www.meilie-jewellery.com\/de\/wp-json\/wp\/v2\/product\/1945"}],"collection":[{"href":"https:\/\/www.meilie-jewellery.com\/de\/wp-json\/wp\/v2\/product"}],"about":[{"href":"https:\/\/www.meilie-jewellery.com\/de\/wp-json\/wp\/v2\/types\/product"}],"replies":[{"embeddable":true,"href":"https:\/\/www.meilie-jewellery.com\/de\/wp-json\/wp\/v2\/comments?post=1945"}],"wp:featuredmedia":[{"embeddable":true,"href":"https:\/\/www.meilie-jewellery.com\/de\/wp-json\/wp\/v2\/media\/3130"}],"wp:attachment":[{"href":"https:\/\/www.meilie-jewellery.com\/de\/wp-json\/wp\/v2\/media?parent=1945"}],"wp:term":[{"taxonomy":"product_cat","embeddable":true,"href":"https:\/\/www.meilie-jewellery.com\/de\/wp-json\/wp\/v2\/product_cat?post=1945"},{"taxonomy":"product_tag","embeddable":true,"href":"https:\/\/www.meilie-jewellery.com\/de\/wp-json\/wp\/v2\/product_tag?post=1945"}],"curies":[{"name":"wp","href":"https:\/\/api.w.org\/{rel}","templated":true}]}}