{"id":2601,"date":"2020-02-16T14:14:40","date_gmt":"2020-02-16T13:14:40","guid":{"rendered":"https:\/\/www.meilie-jewellery.com\/?post_type=product&#038;p=2601"},"modified":"2020-11-13T14:14:29","modified_gmt":"2020-11-13T13:14:29","slug":"amethyst-0hrringe","status":"publish","type":"product","link":"https:\/\/www.meilie-jewellery.com\/de\/produkt\/amethyst-0hrringe\/","title":{"rendered":"Amethyst 0hrringe"},"content":{"rendered":"<ul>\n<li>Amethyst: Intuition, Spiritualit\u00e4t, wahre Liebe<\/li>\n<\/ul>\n<p>All unser Schmuck ist handgefertigt und mit nat\u00fcrlichen Kristallen und Edelsteinen verziert, weswegen es zu kleinen Farb- und Gr\u00f6\u00dfenabweichungen vom Photomodell kommen kann.<\/p>\n","protected":false},"excerpt":{"rendered":"<p>Amethyst: Intuition, Spiritualit\u00e4t, wahre Liebe All unser Schmuck ist handgefertigt und mit nat\u00fcrlichen Kristallen und Edelsteinen verziert, weswegen es zu kleinen Farb- und Gr\u00f6\u00dfenabweichungen vom Photomodell kommen kann.<\/p>\n","protected":false},"featured_media":4794,"comment_status":"open","ping_status":"closed","template":"","meta":[],"product_cat":[173,171],"product_tag":[179],"yoast_head":"<!-- This site is optimized with the Yoast SEO plugin v19.4 - https:\/\/yoast.com\/wordpress\/plugins\/seo\/ -->\n<title>Amethyst 0hrringe - meilie-jewellery.com<\/title>\n<meta name=\"robots\" content=\"index, follow, max-snippet:-1, max-image-preview:large, max-video-preview:-1\" \/>\n<link rel=\"canonical\" href=\"https:\/\/www.meilie-jewellery.com\/de\/produkt\/amethyst-0hrringe\/\" \/>\n<meta property=\"og:locale\" content=\"de_DE\" \/>\n<meta property=\"og:type\" content=\"article\" \/>\n<meta property=\"og:title\" content=\"Amethyst 0hrringe - meilie-jewellery.com\" \/>\n<meta property=\"og:description\" content=\"Amethyst: Intuition, Spiritualit\u00e4t, wahre Liebe All unser Schmuck ist handgefertigt und mit nat\u00fcrlichen Kristallen und Edelsteinen verziert, weswegen es zu kleinen Farb- und Gr\u00f6\u00dfenabweichungen vom Photomodell kommen kann.\" \/>\n<meta property=\"og:url\" content=\"https:\/\/www.meilie-jewellery.com\/de\/produkt\/amethyst-0hrringe\/\" \/>\n<meta property=\"og:site_name\" content=\"meilie-jewellery.com\" \/>\n<meta property=\"article:modified_time\" content=\"2020-11-13T13:14:29+00:00\" \/>\n<meta property=\"og:image\" content=\"https:\/\/www.meilie-jewellery.com\/wp-content\/uploads\/2020\/02\/IMG_E3668-scaled.jpg\" \/>\n\t<meta property=\"og:image:width\" content=\"1920\" \/>\n\t<meta property=\"og:image:height\" content=\"2560\" \/>\n\t<meta property=\"og:image:type\" content=\"image\/jpeg\" \/>\n<meta name=\"twitter:card\" content=\"summary_large_image\" \/>\n<script type=\"application\/ld+json\" class=\"yoast-schema-graph\">{\"@context\":\"https:\/\/schema.org\",\"@graph\":[{\"@type\":\"WebSite\",\"@id\":\"https:\/\/www.meilie-jewellery.com\/de\/#website\",\"url\":\"https:\/\/www.meilie-jewellery.com\/de\/\",\"name\":\"meilie-jewellery.com\",\"description\":\"\",\"potentialAction\":[{\"@type\":\"SearchAction\",\"target\":{\"@type\":\"EntryPoint\",\"urlTemplate\":\"https:\/\/www.meilie-jewellery.com\/de\/?s={search_term_string}\"},\"query-input\":\"required name=search_term_string\"}],\"inLanguage\":\"de\"},{\"@type\":\"WebPage\",\"@id\":\"https:\/\/www.meilie-jewellery.com\/de\/produkt\/amethyst-0hrringe\/\",\"url\":\"https:\/\/www.meilie-jewellery.com\/de\/produkt\/amethyst-0hrringe\/\",\"name\":\"Amethyst 0hrringe - meilie-jewellery.com\",\"isPartOf\":{\"@id\":\"https:\/\/www.meilie-jewellery.com\/de\/#website\"},\"datePublished\":\"2020-02-16T13:14:40+00:00\",\"dateModified\":\"2020-11-13T13:14:29+00:00\",\"breadcrumb\":{\"@id\":\"https:\/\/www.meilie-jewellery.com\/de\/produkt\/amethyst-0hrringe\/#breadcrumb\"},\"inLanguage\":\"de\",\"potentialAction\":[{\"@type\":\"ReadAction\",\"target\":[\"https:\/\/www.meilie-jewellery.com\/de\/produkt\/amethyst-0hrringe\/\"]}]},{\"@type\":\"BreadcrumbList\",\"@id\":\"https:\/\/www.meilie-jewellery.com\/de\/produkt\/amethyst-0hrringe\/#breadcrumb\",\"itemListElement\":[{\"@type\":\"ListItem\",\"position\":1,\"name\":\"Startseite\",\"item\":\"https:\/\/www.meilie-jewellery.com\/de\/\"},{\"@type\":\"ListItem\",\"position\":2,\"name\":\"Shop\",\"item\":\"https:\/\/www.meilie-jewellery.com\/de\/shop\/\"},{\"@type\":\"ListItem\",\"position\":3,\"name\":\"Amethyst 0hrringe\"}]}]}<\/script>\n<!-- \/ Yoast SEO plugin. -->","yoast_head_json":{"title":"Amethyst 0hrringe - meilie-jewellery.com","robots":{"index":"index","follow":"follow","max-snippet":"max-snippet:-1","max-image-preview":"max-image-preview:large","max-video-preview":"max-video-preview:-1"},"canonical":"https:\/\/www.meilie-jewellery.com\/de\/produkt\/amethyst-0hrringe\/","og_locale":"de_DE","og_type":"article","og_title":"Amethyst 0hrringe - meilie-jewellery.com","og_description":"Amethyst: Intuition, Spiritualit\u00e4t, wahre Liebe All unser Schmuck ist handgefertigt und mit nat\u00fcrlichen Kristallen und Edelsteinen verziert, weswegen es zu kleinen Farb- und Gr\u00f6\u00dfenabweichungen vom Photomodell kommen kann.","og_url":"https:\/\/www.meilie-jewellery.com\/de\/produkt\/amethyst-0hrringe\/","og_site_name":"meilie-jewellery.com","article_modified_time":"2020-11-13T13:14:29+00:00","og_image":[{"width":1920,"height":2560,"url":"https:\/\/www.meilie-jewellery.com\/wp-content\/uploads\/2020\/02\/IMG_E3668-scaled.jpg","type":"image\/jpeg"}],"twitter_card":"summary_large_image","schema":{"@context":"https:\/\/schema.org","@graph":[{"@type":"WebSite","@id":"https:\/\/www.meilie-jewellery.com\/de\/#website","url":"https:\/\/www.meilie-jewellery.com\/de\/","name":"meilie-jewellery.com","description":"","potentialAction":[{"@type":"SearchAction","target":{"@type":"EntryPoint","urlTemplate":"https:\/\/www.meilie-jewellery.com\/de\/?s={search_term_string}"},"query-input":"required name=search_term_string"}],"inLanguage":"de"},{"@type":"WebPage","@id":"https:\/\/www.meilie-jewellery.com\/de\/produkt\/amethyst-0hrringe\/","url":"https:\/\/www.meilie-jewellery.com\/de\/produkt\/amethyst-0hrringe\/","name":"Amethyst 0hrringe - meilie-jewellery.com","isPartOf":{"@id":"https:\/\/www.meilie-jewellery.com\/de\/#website"},"datePublished":"2020-02-16T13:14:40+00:00","dateModified":"2020-11-13T13:14:29+00:00","breadcrumb":{"@id":"https:\/\/www.meilie-jewellery.com\/de\/produkt\/amethyst-0hrringe\/#breadcrumb"},"inLanguage":"de","potentialAction":[{"@type":"ReadAction","target":["https:\/\/www.meilie-jewellery.com\/de\/produkt\/amethyst-0hrringe\/"]}]},{"@type":"BreadcrumbList","@id":"https:\/\/www.meilie-jewellery.com\/de\/produkt\/amethyst-0hrringe\/#breadcrumb","itemListElement":[{"@type":"ListItem","position":1,"name":"Startseite","item":"https:\/\/www.meilie-jewellery.com\/de\/"},{"@type":"ListItem","position":2,"name":"Shop","item":"https:\/\/www.meilie-jewellery.com\/de\/shop\/"},{"@type":"ListItem","position":3,"name":"Amethyst 0hrringe"}]}]}},"_links":{"self":[{"href":"https:\/\/www.meilie-jewellery.com\/de\/wp-json\/wp\/v2\/product\/2601"}],"collection":[{"href":"https:\/\/www.meilie-jewellery.com\/de\/wp-json\/wp\/v2\/product"}],"about":[{"href":"https:\/\/www.meilie-jewellery.com\/de\/wp-json\/wp\/v2\/types\/product"}],"replies":[{"embeddable":true,"href":"https:\/\/www.meilie-jewellery.com\/de\/wp-json\/wp\/v2\/comments?post=2601"}],"wp:featuredmedia":[{"embeddable":true,"href":"https:\/\/www.meilie-jewellery.com\/de\/wp-json\/wp\/v2\/media\/4794"}],"wp:attachment":[{"href":"https:\/\/www.meilie-jewellery.com\/de\/wp-json\/wp\/v2\/media?parent=2601"}],"wp:term":[{"taxonomy":"product_cat","embeddable":true,"href":"https:\/\/www.meilie-jewellery.com\/de\/wp-json\/wp\/v2\/product_cat?post=2601"},{"taxonomy":"product_tag","embeddable":true,"href":"https:\/\/www.meilie-jewellery.com\/de\/wp-json\/wp\/v2\/product_tag?post=2601"}],"curies":[{"name":"wp","href":"https:\/\/api.w.org\/{rel}","templated":true}]}}