{"id":5367,"date":"2021-08-22T17:35:52","date_gmt":"2021-08-22T15:35:52","guid":{"rendered":"https:\/\/www.meilie-jewellery.com\/?post_type=product&#038;p=5367"},"modified":"2021-08-22T18:36:35","modified_gmt":"2021-08-22T16:36:35","slug":"welle-ohrringe-copy-3","status":"publish","type":"product","link":"https:\/\/www.meilie-jewellery.com\/de\/produkt\/welle-ohrringe-copy-3\/","title":{"rendered":"Perlmutt Ohrringe"},"content":{"rendered":"<p>\u2022 Perle: Symbol weiblicher Sch\u00f6nheit, innere Sch\u00f6nheit<\/p>\n<p>&nbsp;<\/p>\n<p>All unser Schmuck ist handgefertigt und mit nat\u00fcrlichen Kristallen und Edelsteinen verziert, weswegen es zu kleinen Farb- und Gr\u00f6\u00dfenabweichungen vom Photomodell kommen kann.<\/p>\n","protected":false},"excerpt":{"rendered":"<p>\u2022 Perle: Symbol weiblicher Sch\u00f6nheit, innere Sch\u00f6nheit &nbsp; All unser Schmuck ist handgefertigt und mit nat\u00fcrlichen Kristallen und Edelsteinen verziert, weswegen es zu kleinen Farb- und Gr\u00f6\u00dfenabweichungen vom Photomodell kommen kann.<\/p>\n","protected":false},"featured_media":5369,"comment_status":"open","ping_status":"closed","template":"","meta":[],"product_cat":[173,171],"product_tag":[],"yoast_head":"<!-- This site is optimized with the Yoast SEO plugin v19.4 - https:\/\/yoast.com\/wordpress\/plugins\/seo\/ -->\n<title>Perlmutt Ohrringe - meilie-jewellery.com<\/title>\n<meta name=\"robots\" content=\"index, follow, max-snippet:-1, max-image-preview:large, max-video-preview:-1\" \/>\n<link rel=\"canonical\" href=\"https:\/\/www.meilie-jewellery.com\/de\/produkt\/welle-ohrringe-copy-3\/\" \/>\n<meta property=\"og:locale\" content=\"de_DE\" \/>\n<meta property=\"og:type\" content=\"article\" \/>\n<meta property=\"og:title\" content=\"Perlmutt Ohrringe - meilie-jewellery.com\" \/>\n<meta property=\"og:description\" content=\"\u2022 Perle: Symbol weiblicher Sch\u00f6nheit, innere Sch\u00f6nheit &nbsp; All unser Schmuck ist handgefertigt und mit nat\u00fcrlichen Kristallen und Edelsteinen verziert, weswegen es zu kleinen Farb- und Gr\u00f6\u00dfenabweichungen vom Photomodell kommen kann.\" \/>\n<meta property=\"og:url\" content=\"https:\/\/www.meilie-jewellery.com\/de\/produkt\/welle-ohrringe-copy-3\/\" \/>\n<meta property=\"og:site_name\" content=\"meilie-jewellery.com\" \/>\n<meta property=\"article:modified_time\" content=\"2021-08-22T16:36:35+00:00\" \/>\n<meta property=\"og:image\" content=\"https:\/\/www.meilie-jewellery.com\/wp-content\/uploads\/2021\/08\/220109-1.jpg\" \/>\n\t<meta property=\"og:image:width\" content=\"1080\" \/>\n\t<meta property=\"og:image:height\" content=\"1440\" \/>\n\t<meta property=\"og:image:type\" content=\"image\/jpeg\" \/>\n<meta name=\"twitter:card\" content=\"summary_large_image\" \/>\n<script type=\"application\/ld+json\" class=\"yoast-schema-graph\">{\"@context\":\"https:\/\/schema.org\",\"@graph\":[{\"@type\":\"WebSite\",\"@id\":\"https:\/\/www.meilie-jewellery.com\/de\/#website\",\"url\":\"https:\/\/www.meilie-jewellery.com\/de\/\",\"name\":\"meilie-jewellery.com\",\"description\":\"\",\"potentialAction\":[{\"@type\":\"SearchAction\",\"target\":{\"@type\":\"EntryPoint\",\"urlTemplate\":\"https:\/\/www.meilie-jewellery.com\/de\/?s={search_term_string}\"},\"query-input\":\"required name=search_term_string\"}],\"inLanguage\":\"de\"},{\"@type\":\"WebPage\",\"@id\":\"https:\/\/www.meilie-jewellery.com\/de\/produkt\/welle-ohrringe-copy-3\/\",\"url\":\"https:\/\/www.meilie-jewellery.com\/de\/produkt\/welle-ohrringe-copy-3\/\",\"name\":\"Perlmutt Ohrringe - meilie-jewellery.com\",\"isPartOf\":{\"@id\":\"https:\/\/www.meilie-jewellery.com\/de\/#website\"},\"datePublished\":\"2021-08-22T15:35:52+00:00\",\"dateModified\":\"2021-08-22T16:36:35+00:00\",\"breadcrumb\":{\"@id\":\"https:\/\/www.meilie-jewellery.com\/de\/produkt\/welle-ohrringe-copy-3\/#breadcrumb\"},\"inLanguage\":\"de\",\"potentialAction\":[{\"@type\":\"ReadAction\",\"target\":[\"https:\/\/www.meilie-jewellery.com\/de\/produkt\/welle-ohrringe-copy-3\/\"]}]},{\"@type\":\"BreadcrumbList\",\"@id\":\"https:\/\/www.meilie-jewellery.com\/de\/produkt\/welle-ohrringe-copy-3\/#breadcrumb\",\"itemListElement\":[{\"@type\":\"ListItem\",\"position\":1,\"name\":\"Startseite\",\"item\":\"https:\/\/www.meilie-jewellery.com\/de\/\"},{\"@type\":\"ListItem\",\"position\":2,\"name\":\"Shop\",\"item\":\"https:\/\/www.meilie-jewellery.com\/de\/shop\/\"},{\"@type\":\"ListItem\",\"position\":3,\"name\":\"Perlmutt Ohrringe\"}]}]}<\/script>\n<!-- \/ Yoast SEO plugin. -->","yoast_head_json":{"title":"Perlmutt Ohrringe - meilie-jewellery.com","robots":{"index":"index","follow":"follow","max-snippet":"max-snippet:-1","max-image-preview":"max-image-preview:large","max-video-preview":"max-video-preview:-1"},"canonical":"https:\/\/www.meilie-jewellery.com\/de\/produkt\/welle-ohrringe-copy-3\/","og_locale":"de_DE","og_type":"article","og_title":"Perlmutt Ohrringe - meilie-jewellery.com","og_description":"\u2022 Perle: Symbol weiblicher Sch\u00f6nheit, innere Sch\u00f6nheit &nbsp; All unser Schmuck ist handgefertigt und mit nat\u00fcrlichen Kristallen und Edelsteinen verziert, weswegen es zu kleinen Farb- und Gr\u00f6\u00dfenabweichungen vom Photomodell kommen kann.","og_url":"https:\/\/www.meilie-jewellery.com\/de\/produkt\/welle-ohrringe-copy-3\/","og_site_name":"meilie-jewellery.com","article_modified_time":"2021-08-22T16:36:35+00:00","og_image":[{"width":1080,"height":1440,"url":"https:\/\/www.meilie-jewellery.com\/wp-content\/uploads\/2021\/08\/220109-1.jpg","type":"image\/jpeg"}],"twitter_card":"summary_large_image","schema":{"@context":"https:\/\/schema.org","@graph":[{"@type":"WebSite","@id":"https:\/\/www.meilie-jewellery.com\/de\/#website","url":"https:\/\/www.meilie-jewellery.com\/de\/","name":"meilie-jewellery.com","description":"","potentialAction":[{"@type":"SearchAction","target":{"@type":"EntryPoint","urlTemplate":"https:\/\/www.meilie-jewellery.com\/de\/?s={search_term_string}"},"query-input":"required name=search_term_string"}],"inLanguage":"de"},{"@type":"WebPage","@id":"https:\/\/www.meilie-jewellery.com\/de\/produkt\/welle-ohrringe-copy-3\/","url":"https:\/\/www.meilie-jewellery.com\/de\/produkt\/welle-ohrringe-copy-3\/","name":"Perlmutt Ohrringe - meilie-jewellery.com","isPartOf":{"@id":"https:\/\/www.meilie-jewellery.com\/de\/#website"},"datePublished":"2021-08-22T15:35:52+00:00","dateModified":"2021-08-22T16:36:35+00:00","breadcrumb":{"@id":"https:\/\/www.meilie-jewellery.com\/de\/produkt\/welle-ohrringe-copy-3\/#breadcrumb"},"inLanguage":"de","potentialAction":[{"@type":"ReadAction","target":["https:\/\/www.meilie-jewellery.com\/de\/produkt\/welle-ohrringe-copy-3\/"]}]},{"@type":"BreadcrumbList","@id":"https:\/\/www.meilie-jewellery.com\/de\/produkt\/welle-ohrringe-copy-3\/#breadcrumb","itemListElement":[{"@type":"ListItem","position":1,"name":"Startseite","item":"https:\/\/www.meilie-jewellery.com\/de\/"},{"@type":"ListItem","position":2,"name":"Shop","item":"https:\/\/www.meilie-jewellery.com\/de\/shop\/"},{"@type":"ListItem","position":3,"name":"Perlmutt Ohrringe"}]}]}},"_links":{"self":[{"href":"https:\/\/www.meilie-jewellery.com\/de\/wp-json\/wp\/v2\/product\/5367"}],"collection":[{"href":"https:\/\/www.meilie-jewellery.com\/de\/wp-json\/wp\/v2\/product"}],"about":[{"href":"https:\/\/www.meilie-jewellery.com\/de\/wp-json\/wp\/v2\/types\/product"}],"replies":[{"embeddable":true,"href":"https:\/\/www.meilie-jewellery.com\/de\/wp-json\/wp\/v2\/comments?post=5367"}],"wp:featuredmedia":[{"embeddable":true,"href":"https:\/\/www.meilie-jewellery.com\/de\/wp-json\/wp\/v2\/media\/5369"}],"wp:attachment":[{"href":"https:\/\/www.meilie-jewellery.com\/de\/wp-json\/wp\/v2\/media?parent=5367"}],"wp:term":[{"taxonomy":"product_cat","embeddable":true,"href":"https:\/\/www.meilie-jewellery.com\/de\/wp-json\/wp\/v2\/product_cat?post=5367"},{"taxonomy":"product_tag","embeddable":true,"href":"https:\/\/www.meilie-jewellery.com\/de\/wp-json\/wp\/v2\/product_tag?post=5367"}],"curies":[{"name":"wp","href":"https:\/\/api.w.org\/{rel}","templated":true}]}}