{"id":6074,"date":"2022-11-19T21:28:29","date_gmt":"2022-11-19T20:28:31","guid":{"rendered":"https:\/\/www.meilie-jewellery.com\/?post_type=product&#038;p=6074"},"modified":"2022-11-19T21:36:54","modified_gmt":"2022-11-19T20:36:54","slug":"blauer-topas-schmuck","status":"publish","type":"product","link":"https:\/\/www.meilie-jewellery.com\/de\/produkt\/blauer-topas-schmuck\/","title":{"rendered":"Blauer Topas Schmuck"},"content":{"rendered":"<p>\u25cf Diopsid: verbessert den Intellekt, f\u00f6rdert den Wunsch zu lernen, verbunden mit dem Herzchakra<\/p>\n<p>&nbsp;<\/p>\n<p>All unser Schmuck ist handgefertigt und mit nat\u00fcrlichen Kristallen und Edelsteinen verziert, weswegen es zu kleinen Farb- und Gr\u00f6\u00dfenabweichungen vom Photomodell kommen kann.<\/p>\n","protected":false},"excerpt":{"rendered":"<p>\u25cf Diopsid: verbessert den Intellekt, f\u00f6rdert den Wunsch zu lernen, verbunden mit dem Herzchakra &nbsp; All unser Schmuck ist handgefertigt und mit nat\u00fcrlichen Kristallen und Edelsteinen verziert, weswegen es zu kleinen Farb- und Gr\u00f6\u00dfenabweichungen vom Photomodell kommen kann.<\/p>\n","protected":false},"featured_media":5862,"comment_status":"open","ping_status":"closed","template":"","meta":[],"product_cat":[174,173,171],"product_tag":[],"yoast_head":"<!-- This site is optimized with the Yoast SEO plugin v19.4 - https:\/\/yoast.com\/wordpress\/plugins\/seo\/ -->\n<title>Blauer Topas Schmuck - meilie-jewellery.com<\/title>\n<meta name=\"robots\" content=\"index, follow, max-snippet:-1, max-image-preview:large, max-video-preview:-1\" \/>\n<link rel=\"canonical\" href=\"https:\/\/www.meilie-jewellery.com\/produkt\/blue-topaz-jewelry\/\" \/>\n<meta property=\"og:locale\" content=\"de_DE\" \/>\n<meta property=\"og:type\" content=\"article\" \/>\n<meta property=\"og:title\" content=\"Blauer Topas Schmuck - meilie-jewellery.com\" \/>\n<meta property=\"og:description\" content=\"\u25cf Diopsid: verbessert den Intellekt, f\u00f6rdert den Wunsch zu lernen, verbunden mit dem Herzchakra &nbsp; All unser Schmuck ist handgefertigt und mit nat\u00fcrlichen Kristallen und Edelsteinen verziert, weswegen es zu kleinen Farb- und Gr\u00f6\u00dfenabweichungen vom Photomodell kommen kann.\" \/>\n<meta property=\"og:url\" content=\"https:\/\/www.meilie-jewellery.com\/produkt\/blue-topaz-jewelry\/\" \/>\n<meta property=\"og:site_name\" content=\"meilie-jewellery.com\" \/>\n<meta property=\"article:modified_time\" content=\"2022-11-19T20:36:54+00:00\" \/>\n<meta property=\"og:image\" content=\"https:\/\/www.meilie-jewellery.com\/wp-content\/uploads\/2022\/11\/IMG_E4742-scaled.jpg\" \/>\n\t<meta property=\"og:image:width\" content=\"2294\" \/>\n\t<meta property=\"og:image:height\" content=\"2560\" \/>\n\t<meta property=\"og:image:type\" content=\"image\/jpeg\" \/>\n<meta name=\"twitter:card\" content=\"summary_large_image\" \/>\n<script type=\"application\/ld+json\" class=\"yoast-schema-graph\">{\"@context\":\"https:\/\/schema.org\",\"@graph\":[{\"@type\":\"WebSite\",\"@id\":\"https:\/\/www.meilie-jewellery.com\/de\/#website\",\"url\":\"https:\/\/www.meilie-jewellery.com\/de\/\",\"name\":\"meilie-jewellery.com\",\"description\":\"\",\"potentialAction\":[{\"@type\":\"SearchAction\",\"target\":{\"@type\":\"EntryPoint\",\"urlTemplate\":\"https:\/\/www.meilie-jewellery.com\/de\/?s={search_term_string}\"},\"query-input\":\"required name=search_term_string\"}],\"inLanguage\":\"de\"},{\"@type\":\"WebPage\",\"@id\":\"https:\/\/www.meilie-jewellery.com\/produkt\/blue-topaz-jewelry\/\",\"url\":\"https:\/\/www.meilie-jewellery.com\/produkt\/blue-topaz-jewelry\/\",\"name\":\"Blauer Topas Schmuck - meilie-jewellery.com\",\"isPartOf\":{\"@id\":\"https:\/\/www.meilie-jewellery.com\/de\/#website\"},\"datePublished\":\"2022-11-19T20:28:31+00:00\",\"dateModified\":\"2022-11-19T20:36:54+00:00\",\"breadcrumb\":{\"@id\":\"https:\/\/www.meilie-jewellery.com\/produkt\/blue-topaz-jewelry\/#breadcrumb\"},\"inLanguage\":\"de\",\"potentialAction\":[{\"@type\":\"ReadAction\",\"target\":[\"https:\/\/www.meilie-jewellery.com\/produkt\/blue-topaz-jewelry\/\"]}]},{\"@type\":\"BreadcrumbList\",\"@id\":\"https:\/\/www.meilie-jewellery.com\/produkt\/blue-topaz-jewelry\/#breadcrumb\",\"itemListElement\":[{\"@type\":\"ListItem\",\"position\":1,\"name\":\"Startseite\",\"item\":\"https:\/\/www.meilie-jewellery.com\/de\/\"},{\"@type\":\"ListItem\",\"position\":2,\"name\":\"Shop\",\"item\":\"https:\/\/www.meilie-jewellery.com\/de\/shop\/\"},{\"@type\":\"ListItem\",\"position\":3,\"name\":\"Blauer Topas Schmuck\"}]}]}<\/script>\n<!-- \/ Yoast SEO plugin. -->","yoast_head_json":{"title":"Blauer Topas Schmuck - meilie-jewellery.com","robots":{"index":"index","follow":"follow","max-snippet":"max-snippet:-1","max-image-preview":"max-image-preview:large","max-video-preview":"max-video-preview:-1"},"canonical":"https:\/\/www.meilie-jewellery.com\/produkt\/blue-topaz-jewelry\/","og_locale":"de_DE","og_type":"article","og_title":"Blauer Topas Schmuck - meilie-jewellery.com","og_description":"\u25cf Diopsid: verbessert den Intellekt, f\u00f6rdert den Wunsch zu lernen, verbunden mit dem Herzchakra &nbsp; All unser Schmuck ist handgefertigt und mit nat\u00fcrlichen Kristallen und Edelsteinen verziert, weswegen es zu kleinen Farb- und Gr\u00f6\u00dfenabweichungen vom Photomodell kommen kann.","og_url":"https:\/\/www.meilie-jewellery.com\/produkt\/blue-topaz-jewelry\/","og_site_name":"meilie-jewellery.com","article_modified_time":"2022-11-19T20:36:54+00:00","og_image":[{"width":2294,"height":2560,"url":"https:\/\/www.meilie-jewellery.com\/wp-content\/uploads\/2022\/11\/IMG_E4742-scaled.jpg","type":"image\/jpeg"}],"twitter_card":"summary_large_image","schema":{"@context":"https:\/\/schema.org","@graph":[{"@type":"WebSite","@id":"https:\/\/www.meilie-jewellery.com\/de\/#website","url":"https:\/\/www.meilie-jewellery.com\/de\/","name":"meilie-jewellery.com","description":"","potentialAction":[{"@type":"SearchAction","target":{"@type":"EntryPoint","urlTemplate":"https:\/\/www.meilie-jewellery.com\/de\/?s={search_term_string}"},"query-input":"required name=search_term_string"}],"inLanguage":"de"},{"@type":"WebPage","@id":"https:\/\/www.meilie-jewellery.com\/produkt\/blue-topaz-jewelry\/","url":"https:\/\/www.meilie-jewellery.com\/produkt\/blue-topaz-jewelry\/","name":"Blauer Topas Schmuck - meilie-jewellery.com","isPartOf":{"@id":"https:\/\/www.meilie-jewellery.com\/de\/#website"},"datePublished":"2022-11-19T20:28:31+00:00","dateModified":"2022-11-19T20:36:54+00:00","breadcrumb":{"@id":"https:\/\/www.meilie-jewellery.com\/produkt\/blue-topaz-jewelry\/#breadcrumb"},"inLanguage":"de","potentialAction":[{"@type":"ReadAction","target":["https:\/\/www.meilie-jewellery.com\/produkt\/blue-topaz-jewelry\/"]}]},{"@type":"BreadcrumbList","@id":"https:\/\/www.meilie-jewellery.com\/produkt\/blue-topaz-jewelry\/#breadcrumb","itemListElement":[{"@type":"ListItem","position":1,"name":"Startseite","item":"https:\/\/www.meilie-jewellery.com\/de\/"},{"@type":"ListItem","position":2,"name":"Shop","item":"https:\/\/www.meilie-jewellery.com\/de\/shop\/"},{"@type":"ListItem","position":3,"name":"Blauer Topas Schmuck"}]}]}},"_links":{"self":[{"href":"https:\/\/www.meilie-jewellery.com\/de\/wp-json\/wp\/v2\/product\/6074"}],"collection":[{"href":"https:\/\/www.meilie-jewellery.com\/de\/wp-json\/wp\/v2\/product"}],"about":[{"href":"https:\/\/www.meilie-jewellery.com\/de\/wp-json\/wp\/v2\/types\/product"}],"replies":[{"embeddable":true,"href":"https:\/\/www.meilie-jewellery.com\/de\/wp-json\/wp\/v2\/comments?post=6074"}],"wp:featuredmedia":[{"embeddable":true,"href":"https:\/\/www.meilie-jewellery.com\/de\/wp-json\/wp\/v2\/media\/5862"}],"wp:attachment":[{"href":"https:\/\/www.meilie-jewellery.com\/de\/wp-json\/wp\/v2\/media?parent=6074"}],"wp:term":[{"taxonomy":"product_cat","embeddable":true,"href":"https:\/\/www.meilie-jewellery.com\/de\/wp-json\/wp\/v2\/product_cat?post=6074"},{"taxonomy":"product_tag","embeddable":true,"href":"https:\/\/www.meilie-jewellery.com\/de\/wp-json\/wp\/v2\/product_tag?post=6074"}],"curies":[{"name":"wp","href":"https:\/\/api.w.org\/{rel}","templated":true}]}}